{"id":3995,"date":"2022-03-21T18:10:11","date_gmt":"2022-03-21T21:10:11","guid":{"rendered":"https:\/\/www.estudiotecno.com.ar\/tienda\/?post_type=product&#038;p=3995"},"modified":"2025-09-03T12:58:22","modified_gmt":"2025-09-03T15:58:22","slug":"extensor-de-rango-wi-fi-ac750-re200","status":"publish","type":"product","link":"https:\/\/www.estudiotecno.com.ar\/tienda\/producto\/extensor-de-rango-wi-fi-ac750-re200\/","title":{"rendered":"Extensor de rango Wi-Fi AC750 RE200"},"content":{"rendered":"<ul>\n<li>Aumenta la se\u00f1al inal\u00e1mbrica a \u00e1reas previamente inalcanzables o dif\u00edciles de cablear sin problemas<\/li>\n<li>Compatible con dispositivos Wi-Fi 802.11 b \/ g \/ ny 802.11ac<\/li>\n<li>Velocidades de doble banda de hasta 750 Mbps<\/li>\n<li>El tama\u00f1o en miniatura y el dise\u00f1o montado en la pared facilitan el despliegue y el movimiento de forma flexible<\/li>\n<li>El puerto Ethernet permite que el extensor funcione como un adaptador inal\u00e1mbrico para conectar dispositivos cableados<\/li>\n<\/ul>\n","protected":false},"excerpt":{"rendered":"<p>Aumenta la se\u00f1al inal\u00e1mbrica a \u00e1reas previamente inalcanzables o dif\u00edciles de cablear sin problemas Compatible con dispositivos Wi-Fi 802.11 b \/ g \/ ny 802.11ac Velocidades de doble banda de hasta 750 Mbps El tama\u00f1o en miniatura y el dise\u00f1o montado en la pared facilitan el despliegue y el movimiento de forma flexible El puerto [&hellip;]<\/p>\n","protected":false},"featured_media":5240,"comment_status":"closed","ping_status":"closed","template":"","meta":{"_acf_changed":false},"product_cat":[299,377],"product_tag":[],"acf":[],"aioseo_notices":[],"jetpack_sharing_enabled":true,"_links":{"self":[{"href":"https:\/\/www.estudiotecno.com.ar\/tienda\/wp-json\/wp\/v2\/product\/3995"}],"collection":[{"href":"https:\/\/www.estudiotecno.com.ar\/tienda\/wp-json\/wp\/v2\/product"}],"about":[{"href":"https:\/\/www.estudiotecno.com.ar\/tienda\/wp-json\/wp\/v2\/types\/product"}],"replies":[{"embeddable":true,"href":"https:\/\/www.estudiotecno.com.ar\/tienda\/wp-json\/wp\/v2\/comments?post=3995"}],"wp:featuredmedia":[{"embeddable":true,"href":"https:\/\/www.estudiotecno.com.ar\/tienda\/wp-json\/wp\/v2\/media\/5240"}],"wp:attachment":[{"href":"https:\/\/www.estudiotecno.com.ar\/tienda\/wp-json\/wp\/v2\/media?parent=3995"}],"wp:term":[{"taxonomy":"product_cat","embeddable":true,"href":"https:\/\/www.estudiotecno.com.ar\/tienda\/wp-json\/wp\/v2\/product_cat?post=3995"},{"taxonomy":"product_tag","embeddable":true,"href":"https:\/\/www.estudiotecno.com.ar\/tienda\/wp-json\/wp\/v2\/product_tag?post=3995"}],"curies":[{"name":"wp","href":"https:\/\/api.w.org\/{rel}","templated":true}]}}