{"id":3993,"date":"2022-03-21T18:01:30","date_gmt":"2022-03-21T21:01:30","guid":{"rendered":"https:\/\/www.estudiotecno.com.ar\/tienda\/?post_type=product&#038;p=3993"},"modified":"2025-09-03T12:58:21","modified_gmt":"2025-09-03T15:58:21","slug":"extensor-de-cobertura-wi-fi-universal-a-300mbps-tl-wa850re","status":"publish","type":"product","link":"https:\/\/www.estudiotecno.com.ar\/tienda\/producto\/extensor-de-cobertura-wi-fi-universal-a-300mbps-tl-wa850re\/","title":{"rendered":"Extensor de Cobertura Wi-Fi Universal a 300Mbps TL-WA850RE"},"content":{"rendered":"<ul>\n<li>El modo Range Extender aumenta la se\u00f1al inal\u00e1mbrica a \u00e1reas previamente inalcanzables o dif\u00edciles de cablear sin problemas<\/li>\n<li>El tama\u00f1o en miniatura y el dise\u00f1o montado en la pared facilitan el despliegue y el movimiento de forma flexible<\/li>\n<li>Ampl\u00ede f\u00e1cilmente la cobertura inal\u00e1mbrica con solo presionar el bot\u00f3n Range Extender<\/li>\n<li>El puerto Ethernet permite que el extensor funcione como un adaptador inal\u00e1mbrico para conectar dispositivos cableados<\/li>\n<li>La aplicaci\u00f3n Tether permite un f\u00e1cil acceso y administraci\u00f3n desde cualquier dispositivo m\u00f3vil<\/li>\n<li>Funci\u00f3n de control de LED incluye un modo nocturno de sue\u00f1o tranquilo<\/li>\n<\/ul>\n","protected":false},"excerpt":{"rendered":"<p>El modo Range Extender aumenta la se\u00f1al inal\u00e1mbrica a \u00e1reas previamente inalcanzables o dif\u00edciles de cablear sin problemas El tama\u00f1o en miniatura y el dise\u00f1o montado en la pared facilitan el despliegue y el movimiento de forma flexible Ampl\u00ede f\u00e1cilmente la cobertura inal\u00e1mbrica con solo presionar el bot\u00f3n Range Extender El puerto Ethernet permite que [&hellip;]<\/p>\n","protected":false},"featured_media":5239,"comment_status":"closed","ping_status":"closed","template":"","meta":{"_acf_changed":false},"product_cat":[377,282,167],"product_tag":[],"acf":[],"aioseo_notices":[],"jetpack_sharing_enabled":true,"_links":{"self":[{"href":"https:\/\/www.estudiotecno.com.ar\/tienda\/wp-json\/wp\/v2\/product\/3993"}],"collection":[{"href":"https:\/\/www.estudiotecno.com.ar\/tienda\/wp-json\/wp\/v2\/product"}],"about":[{"href":"https:\/\/www.estudiotecno.com.ar\/tienda\/wp-json\/wp\/v2\/types\/product"}],"replies":[{"embeddable":true,"href":"https:\/\/www.estudiotecno.com.ar\/tienda\/wp-json\/wp\/v2\/comments?post=3993"}],"wp:featuredmedia":[{"embeddable":true,"href":"https:\/\/www.estudiotecno.com.ar\/tienda\/wp-json\/wp\/v2\/media\/5239"}],"wp:attachment":[{"href":"https:\/\/www.estudiotecno.com.ar\/tienda\/wp-json\/wp\/v2\/media?parent=3993"}],"wp:term":[{"taxonomy":"product_cat","embeddable":true,"href":"https:\/\/www.estudiotecno.com.ar\/tienda\/wp-json\/wp\/v2\/product_cat?post=3993"},{"taxonomy":"product_tag","embeddable":true,"href":"https:\/\/www.estudiotecno.com.ar\/tienda\/wp-json\/wp\/v2\/product_tag?post=3993"}],"curies":[{"name":"wp","href":"https:\/\/api.w.org\/{rel}","templated":true}]}}