{"id":3991,"date":"2022-03-21T17:54:23","date_gmt":"2022-03-21T20:54:23","guid":{"rendered":"https:\/\/www.estudiotecno.com.ar\/tienda\/?post_type=product&#038;p=3991"},"modified":"2025-09-03T12:58:21","modified_gmt":"2025-09-03T15:58:21","slug":"router-ax1500-wi-fi-6-archer-ax10","status":"publish","type":"product","link":"https:\/\/www.estudiotecno.com.ar\/tienda\/producto\/router-ax1500-wi-fi-6-archer-ax10\/","title":{"rendered":"Router AX1500 Wi-Fi 6 ARCHER AX10"},"content":{"rendered":"<ul>\n<li><b>Tecnolog\u00eda Wi-Fi 6<\/b>\u2014Archer AX10 viene equipado\u00a0con \u00faltima tecnolg\u00eda inal\u00e1mbrica, Wi-Fi 6, para velocidades m\u00e1s altas, mayor capacidad reduciendo la congesti\u00f3n en la red.<\/li>\n<li><b>Velocidades de Siguiente Generaci\u00f3n 1.5 Gbps<\/b>\u2014El Router Archer AX10 de banda dual alcanza velocidades m\u00e1s altas, de hasta\u00a01.5 Gbps (1201 Mbps en\u00a05 GHz band y\u00a0300 Mbps en\u00a02.4 GHz band).<sup>\u2020<\/sup><\/li>\n<li><strong>Conecta Decenas de Dispostivos<\/strong>\u2014M\u00e1s conexiones simult\u00e1neas y latencia reducida gracias al OFDMA y\u00a0MU-MIMO.<\/li>\n<li><strong>CPU Triple-Core CPU<\/strong>\u2014Respuesta instant\u00e1nea para todas las actividades de tu red gracias a la CPU triple-core a 1.5 GHz.<\/li>\n<li><strong>Cobertura amplia<\/strong>\u20144 Antenas y la tecnolog\u00eda\u00a0Beamforming focaliza la se\u00f1al hacia los clientes de manera individual aumentando la cobertura.<sup>\u2020\u00a0<\/sup><\/li>\n<li><strong>Puertos\u00a0Gigabit<\/strong>\u2014Aprovecha al m\u00e1ximo las velocidades de banda ancha de hasta 1 Gbps.<\/li>\n<li><strong>Configuraci\u00f3n F\u00e1cil<\/strong>\u2014Completa la actualizaci\u00f3n de tu red en minutos gracias a la app Tether.<\/li>\n<\/ul>\n","protected":false},"excerpt":{"rendered":"<p>Tecnolog\u00eda Wi-Fi 6\u2014Archer AX10 viene equipado\u00a0con \u00faltima tecnolg\u00eda inal\u00e1mbrica, Wi-Fi 6, para velocidades m\u00e1s altas, mayor capacidad reduciendo la congesti\u00f3n en la red. Velocidades de Siguiente Generaci\u00f3n 1.5 Gbps\u2014El Router Archer AX10 de banda dual alcanza velocidades m\u00e1s altas, de hasta\u00a01.5 Gbps (1201 Mbps en\u00a05 GHz band y\u00a0300 Mbps en\u00a02.4 GHz band).\u2020 Conecta Decenas de [&hellip;]<\/p>\n","protected":false},"featured_media":5231,"comment_status":"closed","ping_status":"closed","template":"","meta":{"_acf_changed":false},"product_cat":[377,282,167],"product_tag":[],"acf":[],"aioseo_notices":[],"jetpack_sharing_enabled":true,"_links":{"self":[{"href":"https:\/\/www.estudiotecno.com.ar\/tienda\/wp-json\/wp\/v2\/product\/3991"}],"collection":[{"href":"https:\/\/www.estudiotecno.com.ar\/tienda\/wp-json\/wp\/v2\/product"}],"about":[{"href":"https:\/\/www.estudiotecno.com.ar\/tienda\/wp-json\/wp\/v2\/types\/product"}],"replies":[{"embeddable":true,"href":"https:\/\/www.estudiotecno.com.ar\/tienda\/wp-json\/wp\/v2\/comments?post=3991"}],"wp:featuredmedia":[{"embeddable":true,"href":"https:\/\/www.estudiotecno.com.ar\/tienda\/wp-json\/wp\/v2\/media\/5231"}],"wp:attachment":[{"href":"https:\/\/www.estudiotecno.com.ar\/tienda\/wp-json\/wp\/v2\/media?parent=3991"}],"wp:term":[{"taxonomy":"product_cat","embeddable":true,"href":"https:\/\/www.estudiotecno.com.ar\/tienda\/wp-json\/wp\/v2\/product_cat?post=3991"},{"taxonomy":"product_tag","embeddable":true,"href":"https:\/\/www.estudiotecno.com.ar\/tienda\/wp-json\/wp\/v2\/product_tag?post=3991"}],"curies":[{"name":"wp","href":"https:\/\/api.w.org\/{rel}","templated":true}]}}