{"id":3987,"date":"2022-03-21T17:00:53","date_gmt":"2022-03-21T20:00:53","guid":{"rendered":"https:\/\/www.estudiotecno.com.ar\/tienda\/?post_type=product&#038;p=3987"},"modified":"2022-03-21T18:59:31","modified_gmt":"2022-03-21T21:59:31","slug":"adaptador-inalambrico-usb-de-banda-dual-ac600-archer-tu2","status":"publish","type":"product","link":"https:\/\/www.estudiotecno.com.ar\/tienda\/producto\/adaptador-inalambrico-usb-de-banda-dual-ac600-archer-tu2\/","title":{"rendered":"Adaptador inal\u00e1mbrico USB de banda dual AC600 ARCHER T2U"},"content":{"rendered":"<ul>\n<li>Velocidad inal\u00e1mbrica ultra-r\u00e1pida de 600 (433 + 150) Mbps con 802.11ac<\/li>\n<li>Una peque\u00f1a manera de conseguir conexiones Wi-Fi r\u00e1pidas de nueva generaci\u00f3n<\/li>\n<li>Conexiones de banda dual para la transmisi\u00f3n de v\u00eddeo de alta definici\u00f3n sin demoras y juegos<\/li>\n<li>Seguridad avanzada: Soporta 64\/128 WEP, WPA, WPA2\/WPA-PSK\/WPA2-PSK (TKIP\/AES)<\/li>\n<li>Soporta Windows 11\/10\/8.1\/8\/7\/XP, Mac OS X\u00a010.7~10.11 y Linux<\/li>\n<\/ul>\n","protected":false},"excerpt":{"rendered":"<p>Velocidad inal\u00e1mbrica ultra-r\u00e1pida de 600 (433 + 150) Mbps con 802.11ac Una peque\u00f1a manera de conseguir conexiones Wi-Fi r\u00e1pidas de nueva generaci\u00f3n Conexiones de banda dual para la transmisi\u00f3n de v\u00eddeo de alta definici\u00f3n sin demoras y juegos Seguridad avanzada: Soporta 64\/128 WEP, WPA, WPA2\/WPA-PSK\/WPA2-PSK (TKIP\/AES) Soporta Windows 11\/10\/8.1\/8\/7\/XP, Mac OS X\u00a010.7~10.11 y Linux<\/p>\n","protected":false},"featured_media":3988,"comment_status":"closed","ping_status":"closed","template":"","meta":{"_acf_changed":false},"product_cat":[282,167],"product_tag":[],"acf":[],"aioseo_notices":[],"jetpack_sharing_enabled":true,"_links":{"self":[{"href":"https:\/\/www.estudiotecno.com.ar\/tienda\/wp-json\/wp\/v2\/product\/3987"}],"collection":[{"href":"https:\/\/www.estudiotecno.com.ar\/tienda\/wp-json\/wp\/v2\/product"}],"about":[{"href":"https:\/\/www.estudiotecno.com.ar\/tienda\/wp-json\/wp\/v2\/types\/product"}],"replies":[{"embeddable":true,"href":"https:\/\/www.estudiotecno.com.ar\/tienda\/wp-json\/wp\/v2\/comments?post=3987"}],"wp:featuredmedia":[{"embeddable":true,"href":"https:\/\/www.estudiotecno.com.ar\/tienda\/wp-json\/wp\/v2\/media\/3988"}],"wp:attachment":[{"href":"https:\/\/www.estudiotecno.com.ar\/tienda\/wp-json\/wp\/v2\/media?parent=3987"}],"wp:term":[{"taxonomy":"product_cat","embeddable":true,"href":"https:\/\/www.estudiotecno.com.ar\/tienda\/wp-json\/wp\/v2\/product_cat?post=3987"},{"taxonomy":"product_tag","embeddable":true,"href":"https:\/\/www.estudiotecno.com.ar\/tienda\/wp-json\/wp\/v2\/product_tag?post=3987"}],"curies":[{"name":"wp","href":"https:\/\/api.w.org\/{rel}","templated":true}]}}