{"id":3526,"date":"2022-03-04T09:45:01","date_gmt":"2022-03-04T12:45:01","guid":{"rendered":"https:\/\/www.estudiotecno.com.ar\/tienda\/?post_type=product&#038;p=3526"},"modified":"2022-03-05T11:56:43","modified_gmt":"2022-03-05T14:56:43","slug":"modulo-placa-rele-para-salida-de-sirena-rel-100","status":"publish","type":"product","link":"https:\/\/www.estudiotecno.com.ar\/tienda\/producto\/modulo-placa-rele-para-salida-de-sirena-rel-100\/","title":{"rendered":"M\u00f3dulo Placa Rele para salida de sirena REL-100"},"content":{"rendered":"<p>M\u00f3dulo auxiliar para salida de sirena<br \/>\nEl m\u00f3dulo REL-100, es un dispositivo que se utiliza en la salida de sirena cuando \u00e9sta supera la corriente m\u00e1xima que entrega el panel. Protegido por fusible. La corriente m\u00e1xima de operaci\u00f3n es de 3A.<\/p>\n","protected":false},"excerpt":{"rendered":"<p>M\u00f3dulo auxiliar para salida de sirena El m\u00f3dulo REL-100, es un dispositivo que se utiliza en la salida de sirena cuando \u00e9sta supera la corriente m\u00e1xima que entrega el panel. Protegido por fusible. La corriente m\u00e1xima de operaci\u00f3n es de 3A.<\/p>\n","protected":false},"featured_media":3539,"comment_status":"closed","ping_status":"closed","template":"","meta":{"_acf_changed":false},"product_cat":[313,104],"product_tag":[],"acf":[],"aioseo_notices":[],"jetpack_sharing_enabled":true,"_links":{"self":[{"href":"https:\/\/www.estudiotecno.com.ar\/tienda\/wp-json\/wp\/v2\/product\/3526"}],"collection":[{"href":"https:\/\/www.estudiotecno.com.ar\/tienda\/wp-json\/wp\/v2\/product"}],"about":[{"href":"https:\/\/www.estudiotecno.com.ar\/tienda\/wp-json\/wp\/v2\/types\/product"}],"replies":[{"embeddable":true,"href":"https:\/\/www.estudiotecno.com.ar\/tienda\/wp-json\/wp\/v2\/comments?post=3526"}],"wp:featuredmedia":[{"embeddable":true,"href":"https:\/\/www.estudiotecno.com.ar\/tienda\/wp-json\/wp\/v2\/media\/3539"}],"wp:attachment":[{"href":"https:\/\/www.estudiotecno.com.ar\/tienda\/wp-json\/wp\/v2\/media?parent=3526"}],"wp:term":[{"taxonomy":"product_cat","embeddable":true,"href":"https:\/\/www.estudiotecno.com.ar\/tienda\/wp-json\/wp\/v2\/product_cat?post=3526"},{"taxonomy":"product_tag","embeddable":true,"href":"https:\/\/www.estudiotecno.com.ar\/tienda\/wp-json\/wp\/v2\/product_tag?post=3526"}],"curies":[{"name":"wp","href":"https:\/\/api.w.org\/{rel}","templated":true}]}}