{"id":3498,"date":"2022-03-03T10:54:59","date_gmt":"2022-03-03T13:54:59","guid":{"rendered":"https:\/\/www.estudiotecno.com.ar\/tienda\/?post_type=product&#038;p=3498"},"modified":"2022-10-06T17:43:56","modified_gmt":"2022-10-06T20:43:56","slug":"monitor-led-vga-hdmi-e-view-1851axa","status":"publish","type":"product","link":"https:\/\/www.estudiotecno.com.ar\/tienda\/producto\/monitor-led-vga-hdmi-e-view-1851axa\/","title":{"rendered":"Monitor Led VGA\/HDMI E-view 1851AXA"},"content":{"rendered":"<p>Monitor LED de 18.5 de ancho (16: 9).&nbsp;Resoluci\u00f3n m\u00e1xima: 1360 * 768.&nbsp;Entrada del adaptador de corriente: AC100-240V, 50-60 HZ. Corriente: 1.1A.<br \/>\nConsumo de energ\u00eda: 25 W.&nbsp;Tama\u00f1o: 485 * 90 * 383 mm.<\/p>\n<p>&nbsp;<\/p>\n","protected":false},"excerpt":{"rendered":"<p>Monitor LED de 18.5 de ancho (16: 9).&nbsp;Resoluci\u00f3n m\u00e1xima: 1360 * 768.&nbsp;Entrada del adaptador de corriente: AC100-240V, 50-60 HZ. Corriente: 1.1A. Consumo de energ\u00eda: 25 W.&nbsp;Tama\u00f1o: 485 * 90 * 383 mm. &nbsp;<\/p>\n","protected":false},"featured_media":3551,"comment_status":"closed","ping_status":"closed","template":"","meta":{"_acf_changed":false},"product_cat":[310,291],"product_tag":[],"acf":[],"aioseo_notices":[],"jetpack_sharing_enabled":true,"_links":{"self":[{"href":"https:\/\/www.estudiotecno.com.ar\/tienda\/wp-json\/wp\/v2\/product\/3498"}],"collection":[{"href":"https:\/\/www.estudiotecno.com.ar\/tienda\/wp-json\/wp\/v2\/product"}],"about":[{"href":"https:\/\/www.estudiotecno.com.ar\/tienda\/wp-json\/wp\/v2\/types\/product"}],"replies":[{"embeddable":true,"href":"https:\/\/www.estudiotecno.com.ar\/tienda\/wp-json\/wp\/v2\/comments?post=3498"}],"wp:featuredmedia":[{"embeddable":true,"href":"https:\/\/www.estudiotecno.com.ar\/tienda\/wp-json\/wp\/v2\/media\/3551"}],"wp:attachment":[{"href":"https:\/\/www.estudiotecno.com.ar\/tienda\/wp-json\/wp\/v2\/media?parent=3498"}],"wp:term":[{"taxonomy":"product_cat","embeddable":true,"href":"https:\/\/www.estudiotecno.com.ar\/tienda\/wp-json\/wp\/v2\/product_cat?post=3498"},{"taxonomy":"product_tag","embeddable":true,"href":"https:\/\/www.estudiotecno.com.ar\/tienda\/wp-json\/wp\/v2\/product_tag?post=3498"}],"curies":[{"name":"wp","href":"https:\/\/api.w.org\/{rel}","templated":true}]}}