{"id":3493,"date":"2022-03-02T18:04:21","date_gmt":"2022-03-02T21:04:21","guid":{"rendered":"https:\/\/www.estudiotecno.com.ar\/tienda\/?post_type=product&#038;p=3493"},"modified":"2022-03-07T08:56:06","modified_gmt":"2022-03-07T11:56:06","slug":"adaptador-activo-dvi-a-vga-netmak-nm-c95","status":"publish","type":"product","link":"https:\/\/www.estudiotecno.com.ar\/tienda\/producto\/adaptador-activo-dvi-a-vga-netmak-nm-c95\/","title":{"rendered":"Adaptador activo DVI a VGA Netmak NM-C95"},"content":{"rendered":"<p>Pod\u00e9s usar tu salida digital DVI-D Dual Link 24+1 en cualquier monitor o proyector con entrada anal\u00f3gica VGA. Este conversor activo no es un simple adaptador, sino que convierte la se\u00f1al digital de la salida DVI-D 24+1 Dual Link, en una salida anal\u00f3gica VGA para cualquier monitor o proyector.<\/p>\n<p>El adaptador es para utilizar desde una salida digital DVI-D a una entrada anal\u00f3gica VGA, no se puede utilizar en forma inversa (salida VGA, entrada DVI). RESOLUCION DE VIDEO 800&#215;600, 1024&#215;768, 1280&#215;1024, 1600&#215;1200, and 1920&#215;1080 Audio no esta soportador sobre el puerto dvi o vga, se debe transmitir por separado DVI-D single link conecta las nuevas placas de video con monitores antiguos vga.<\/p>\n","protected":false},"excerpt":{"rendered":"<p>Pod\u00e9s usar tu salida digital DVI-D Dual Link 24+1 en cualquier monitor o proyector con entrada anal\u00f3gica VGA. Este conversor activo no es un simple adaptador, sino que convierte la se\u00f1al digital de la salida DVI-D 24+1 Dual Link, en una salida anal\u00f3gica VGA para cualquier monitor o proyector. El adaptador es para utilizar desde [&hellip;]<\/p>\n","protected":false},"featured_media":3552,"comment_status":"closed","ping_status":"closed","template":"","meta":{"_acf_changed":false},"product_cat":[106,95],"product_tag":[],"acf":[],"aioseo_notices":[],"jetpack_sharing_enabled":true,"_links":{"self":[{"href":"https:\/\/www.estudiotecno.com.ar\/tienda\/wp-json\/wp\/v2\/product\/3493"}],"collection":[{"href":"https:\/\/www.estudiotecno.com.ar\/tienda\/wp-json\/wp\/v2\/product"}],"about":[{"href":"https:\/\/www.estudiotecno.com.ar\/tienda\/wp-json\/wp\/v2\/types\/product"}],"replies":[{"embeddable":true,"href":"https:\/\/www.estudiotecno.com.ar\/tienda\/wp-json\/wp\/v2\/comments?post=3493"}],"wp:featuredmedia":[{"embeddable":true,"href":"https:\/\/www.estudiotecno.com.ar\/tienda\/wp-json\/wp\/v2\/media\/3552"}],"wp:attachment":[{"href":"https:\/\/www.estudiotecno.com.ar\/tienda\/wp-json\/wp\/v2\/media?parent=3493"}],"wp:term":[{"taxonomy":"product_cat","embeddable":true,"href":"https:\/\/www.estudiotecno.com.ar\/tienda\/wp-json\/wp\/v2\/product_cat?post=3493"},{"taxonomy":"product_tag","embeddable":true,"href":"https:\/\/www.estudiotecno.com.ar\/tienda\/wp-json\/wp\/v2\/product_tag?post=3493"}],"curies":[{"name":"wp","href":"https:\/\/api.w.org\/{rel}","templated":true}]}}