{"id":3489,"date":"2022-03-02T17:49:43","date_gmt":"2022-03-02T20:49:43","guid":{"rendered":"https:\/\/www.estudiotecno.com.ar\/tienda\/?post_type=product&#038;p=3489"},"modified":"2026-04-24T18:31:24","modified_gmt":"2026-04-24T21:31:24","slug":"disco-ssd-240gb-sata-iii-2-5-lexar-nq100","status":"publish","type":"product","link":"https:\/\/www.estudiotecno.com.ar\/tienda\/producto\/disco-ssd-240gb-sata-iii-2-5-lexar-nq100\/","title":{"rendered":"DISCO SSD 240GB SATA III 2.5&#8243;"},"content":{"rendered":"<p>Mejore el rendimiento de su sistema existente con la unidad de estado s\u00f3lido (SSD) Lexar\u00ae NS100 2,5&#8243; SATA III (6 Gb \/ s).<\/p>\n<p>Esta actualizaci\u00f3n f\u00e1cil le permite arreglos, tiempos de carga de aplicaciones y transferencia de datos m\u00e1s r\u00e1pidos convirtiendo su antiguo ordenador de dinosaurio a velocidad de lectura de hasta 550MB \/ s.1 Tambi\u00e9n es m\u00e1s fresca, m\u00e1s silenciosa, usa menos bater\u00eda que un disco duro tradicional.<\/p>\n","protected":false},"excerpt":{"rendered":"<p>Mejore el rendimiento de su sistema existente con la unidad de estado s\u00f3lido (SSD) Lexar\u00ae NS100 2,5&#8243; SATA III (6 Gb \/ s). Esta actualizaci\u00f3n f\u00e1cil le permite arreglos, tiempos de carga de aplicaciones y transferencia de datos m\u00e1s r\u00e1pidos convirtiendo su antiguo ordenador de dinosaurio a velocidad de lectura de hasta 550MB \/ s.1 [&hellip;]<\/p>\n","protected":false},"featured_media":6869,"comment_status":"closed","ping_status":"closed","template":"","meta":{"_acf_changed":false},"product_cat":[367,106,281],"product_tag":[],"acf":[],"aioseo_notices":[],"jetpack_sharing_enabled":true,"_links":{"self":[{"href":"https:\/\/www.estudiotecno.com.ar\/tienda\/wp-json\/wp\/v2\/product\/3489"}],"collection":[{"href":"https:\/\/www.estudiotecno.com.ar\/tienda\/wp-json\/wp\/v2\/product"}],"about":[{"href":"https:\/\/www.estudiotecno.com.ar\/tienda\/wp-json\/wp\/v2\/types\/product"}],"replies":[{"embeddable":true,"href":"https:\/\/www.estudiotecno.com.ar\/tienda\/wp-json\/wp\/v2\/comments?post=3489"}],"wp:featuredmedia":[{"embeddable":true,"href":"https:\/\/www.estudiotecno.com.ar\/tienda\/wp-json\/wp\/v2\/media\/6869"}],"wp:attachment":[{"href":"https:\/\/www.estudiotecno.com.ar\/tienda\/wp-json\/wp\/v2\/media?parent=3489"}],"wp:term":[{"taxonomy":"product_cat","embeddable":true,"href":"https:\/\/www.estudiotecno.com.ar\/tienda\/wp-json\/wp\/v2\/product_cat?post=3489"},{"taxonomy":"product_tag","embeddable":true,"href":"https:\/\/www.estudiotecno.com.ar\/tienda\/wp-json\/wp\/v2\/product_tag?post=3489"}],"curies":[{"name":"wp","href":"https:\/\/api.w.org\/{rel}","templated":true}]}}