{"id":3433,"date":"2022-02-26T10:44:10","date_gmt":"2022-02-26T13:44:10","guid":{"rendered":"https:\/\/www.estudiotecno.com.ar\/tienda\/?post_type=product&#038;p=3433"},"modified":"2023-05-17T12:05:11","modified_gmt":"2023-05-17T15:05:11","slug":"sirena-de-senalizacion-externa-x-28-s-62alf-mpxh","status":"publish","type":"product","link":"https:\/\/www.estudiotecno.com.ar\/tienda\/producto\/sirena-de-senalizacion-externa-x-28-s-62alf-mpxh\/","title":{"rendered":"Sirena de se\u00f1alizaci\u00f3n externa X-28 S 62ALF-MPXH"},"content":{"rendered":"<p>Sirena de se\u00f1alizaci\u00f3n externa, apta para intemperie. Alto impacto ac\u00fastico. Potencia de 108 dB. Antidesarme y antidesmonte. Logo transiluminado. Luz de emergencia de alta eficiencia. Funciones programables de anunciador, timbre, y sirena B. Bajo consumo. Particionable y supervisable. F\u00e1cil de instalar.<\/p>\n","protected":false},"excerpt":{"rendered":"<p>Sirena de se\u00f1alizaci\u00f3n externa, apta para intemperie. Alto impacto ac\u00fastico. Potencia de 108 dB. Antidesarme y antidesmonte. Logo transiluminado. Luz de emergencia de alta eficiencia. Funciones programables de anunciador, timbre, y sirena B. Bajo consumo. Particionable y supervisable. F\u00e1cil de instalar.<\/p>\n","protected":false},"featured_media":5199,"comment_status":"closed","ping_status":"closed","template":"","meta":{"_acf_changed":false},"product_cat":[313,94,252],"product_tag":[],"acf":[],"aioseo_notices":[],"jetpack_sharing_enabled":true,"_links":{"self":[{"href":"https:\/\/www.estudiotecno.com.ar\/tienda\/wp-json\/wp\/v2\/product\/3433"}],"collection":[{"href":"https:\/\/www.estudiotecno.com.ar\/tienda\/wp-json\/wp\/v2\/product"}],"about":[{"href":"https:\/\/www.estudiotecno.com.ar\/tienda\/wp-json\/wp\/v2\/types\/product"}],"replies":[{"embeddable":true,"href":"https:\/\/www.estudiotecno.com.ar\/tienda\/wp-json\/wp\/v2\/comments?post=3433"}],"wp:featuredmedia":[{"embeddable":true,"href":"https:\/\/www.estudiotecno.com.ar\/tienda\/wp-json\/wp\/v2\/media\/5199"}],"wp:attachment":[{"href":"https:\/\/www.estudiotecno.com.ar\/tienda\/wp-json\/wp\/v2\/media?parent=3433"}],"wp:term":[{"taxonomy":"product_cat","embeddable":true,"href":"https:\/\/www.estudiotecno.com.ar\/tienda\/wp-json\/wp\/v2\/product_cat?post=3433"},{"taxonomy":"product_tag","embeddable":true,"href":"https:\/\/www.estudiotecno.com.ar\/tienda\/wp-json\/wp\/v2\/product_tag?post=3433"}],"curies":[{"name":"wp","href":"https:\/\/api.w.org\/{rel}","templated":true}]}}