{"id":3429,"date":"2022-02-26T10:38:19","date_gmt":"2022-02-26T13:38:19","guid":{"rendered":"https:\/\/www.estudiotecno.com.ar\/tienda\/?post_type=product&#038;p=3429"},"modified":"2023-05-17T12:11:29","modified_gmt":"2023-05-17T15:11:29","slug":"sensor-magnetico-inalambrico-x-28-smagb-w","status":"publish","type":"product","link":"https:\/\/www.estudiotecno.com.ar\/tienda\/producto\/sensor-magnetico-inalambrico-x-28-smagb-w\/","title":{"rendered":"Sensor magn\u00e9tico inal\u00e1mbrico X-28 SMAGB W"},"content":{"rendered":"<p>Sensor magn\u00e9tico inal\u00e1mbrico. Extraordinario alcance de operaci\u00f3n. Color blanco. Autoalimentado por bater\u00eda propia. Muy bajo consumo.<\/p>\n","protected":false},"excerpt":{"rendered":"<p>Sensor magn\u00e9tico inal\u00e1mbrico. Extraordinario alcance de operaci\u00f3n. Color blanco. Autoalimentado por bater\u00eda propia. Muy bajo consumo.<\/p>\n","protected":false},"featured_media":5201,"comment_status":"closed","ping_status":"closed","template":"","meta":{"_acf_changed":false},"product_cat":[313,94,252],"product_tag":[],"acf":[],"aioseo_notices":[],"jetpack_sharing_enabled":true,"_links":{"self":[{"href":"https:\/\/www.estudiotecno.com.ar\/tienda\/wp-json\/wp\/v2\/product\/3429"}],"collection":[{"href":"https:\/\/www.estudiotecno.com.ar\/tienda\/wp-json\/wp\/v2\/product"}],"about":[{"href":"https:\/\/www.estudiotecno.com.ar\/tienda\/wp-json\/wp\/v2\/types\/product"}],"replies":[{"embeddable":true,"href":"https:\/\/www.estudiotecno.com.ar\/tienda\/wp-json\/wp\/v2\/comments?post=3429"}],"wp:featuredmedia":[{"embeddable":true,"href":"https:\/\/www.estudiotecno.com.ar\/tienda\/wp-json\/wp\/v2\/media\/5201"}],"wp:attachment":[{"href":"https:\/\/www.estudiotecno.com.ar\/tienda\/wp-json\/wp\/v2\/media?parent=3429"}],"wp:term":[{"taxonomy":"product_cat","embeddable":true,"href":"https:\/\/www.estudiotecno.com.ar\/tienda\/wp-json\/wp\/v2\/product_cat?post=3429"},{"taxonomy":"product_tag","embeddable":true,"href":"https:\/\/www.estudiotecno.com.ar\/tienda\/wp-json\/wp\/v2\/product_tag?post=3429"}],"curies":[{"name":"wp","href":"https:\/\/api.w.org\/{rel}","templated":true}]}}