{"id":3424,"date":"2022-02-26T10:27:51","date_gmt":"2022-02-26T13:27:51","guid":{"rendered":"https:\/\/www.estudiotecno.com.ar\/tienda\/?post_type=product&#038;p=3424"},"modified":"2023-05-17T12:12:16","modified_gmt":"2023-05-17T15:12:16","slug":"sensor-magnetico-oculto-silencioso-x-28-sos-mpxh","status":"publish","type":"product","link":"https:\/\/www.estudiotecno.com.ar\/tienda\/producto\/sensor-magnetico-oculto-silencioso-x-28-sos-mpxh\/","title":{"rendered":"Sensor magn\u00e9tico oculto silencioso X-28 SOS-MPXH"},"content":{"rendered":"<p>Sensor magn\u00e9tico oculto silencioso para ubicar estrat\u00e9gicamente en cualquier tipo de caj\u00f3n o caja. Tama\u00f1o reducido. Autoadhesivo. Electr\u00f3nica incorporada. Programaci\u00f3n Soft. Particionable. N\u00famero de usuario programable. C\u00f3digo de alta seguridad.<\/p>\n","protected":false},"excerpt":{"rendered":"<p>Sensor magn\u00e9tico oculto silencioso para ubicar estrat\u00e9gicamente en cualquier tipo de caj\u00f3n o caja. Tama\u00f1o reducido. Autoadhesivo. Electr\u00f3nica incorporada. Programaci\u00f3n Soft. Particionable. N\u00famero de usuario programable. C\u00f3digo de alta seguridad.<\/p>\n","protected":false},"featured_media":5205,"comment_status":"closed","ping_status":"closed","template":"","meta":{"_acf_changed":false},"product_cat":[313,94,252],"product_tag":[],"acf":[],"aioseo_notices":[],"jetpack_sharing_enabled":true,"_links":{"self":[{"href":"https:\/\/www.estudiotecno.com.ar\/tienda\/wp-json\/wp\/v2\/product\/3424"}],"collection":[{"href":"https:\/\/www.estudiotecno.com.ar\/tienda\/wp-json\/wp\/v2\/product"}],"about":[{"href":"https:\/\/www.estudiotecno.com.ar\/tienda\/wp-json\/wp\/v2\/types\/product"}],"replies":[{"embeddable":true,"href":"https:\/\/www.estudiotecno.com.ar\/tienda\/wp-json\/wp\/v2\/comments?post=3424"}],"wp:featuredmedia":[{"embeddable":true,"href":"https:\/\/www.estudiotecno.com.ar\/tienda\/wp-json\/wp\/v2\/media\/5205"}],"wp:attachment":[{"href":"https:\/\/www.estudiotecno.com.ar\/tienda\/wp-json\/wp\/v2\/media?parent=3424"}],"wp:term":[{"taxonomy":"product_cat","embeddable":true,"href":"https:\/\/www.estudiotecno.com.ar\/tienda\/wp-json\/wp\/v2\/product_cat?post=3424"},{"taxonomy":"product_tag","embeddable":true,"href":"https:\/\/www.estudiotecno.com.ar\/tienda\/wp-json\/wp\/v2\/product_tag?post=3424"}],"curies":[{"name":"wp","href":"https:\/\/api.w.org\/{rel}","templated":true}]}}