{"id":3408,"date":"2022-02-26T09:32:40","date_gmt":"2022-02-26T12:32:40","guid":{"rendered":"https:\/\/www.estudiotecno.com.ar\/tienda\/?post_type=product&#038;p=3408"},"modified":"2023-05-17T12:24:20","modified_gmt":"2023-05-17T15:24:20","slug":"detector-infrarrojo-inalambrico-x-28-md-70wpr","status":"publish","type":"product","link":"https:\/\/www.estudiotecno.com.ar\/tienda\/producto\/detector-infrarrojo-inalambrico-x-28-md-70wpr\/","title":{"rendered":"Detector infrarrojo inal\u00e1mbrico X-28 MD 70WPR"},"content":{"rendered":"<p>Detector infrarrojo inal\u00e1mbrico, compatible con toda la l\u00ednea inal\u00e1mbrica. Procesador digital de se\u00f1ales (DMA). Compensaci\u00f3n t\u00e9rmica inteligente. Apto para ambientes con mascotas. Contador de pulsos programable de 1 a 3. Muy alta inmunidad a RF. Cobertura 8&#215;8 metros.<\/p>\n","protected":false},"excerpt":{"rendered":"<p>Detector infrarrojo inal\u00e1mbrico, compatible con toda la l\u00ednea inal\u00e1mbrica. Procesador digital de se\u00f1ales (DMA). Compensaci\u00f3n t\u00e9rmica inteligente. Apto para ambientes con mascotas. Contador de pulsos programable de 1 a 3. Muy alta inmunidad a RF. Cobertura 8&#215;8 metros.<\/p>\n","protected":false},"featured_media":5316,"comment_status":"closed","ping_status":"closed","template":"","meta":{"_acf_changed":false},"product_cat":[313,94,252],"product_tag":[],"acf":[],"aioseo_notices":[],"jetpack_sharing_enabled":true,"_links":{"self":[{"href":"https:\/\/www.estudiotecno.com.ar\/tienda\/wp-json\/wp\/v2\/product\/3408"}],"collection":[{"href":"https:\/\/www.estudiotecno.com.ar\/tienda\/wp-json\/wp\/v2\/product"}],"about":[{"href":"https:\/\/www.estudiotecno.com.ar\/tienda\/wp-json\/wp\/v2\/types\/product"}],"replies":[{"embeddable":true,"href":"https:\/\/www.estudiotecno.com.ar\/tienda\/wp-json\/wp\/v2\/comments?post=3408"}],"wp:featuredmedia":[{"embeddable":true,"href":"https:\/\/www.estudiotecno.com.ar\/tienda\/wp-json\/wp\/v2\/media\/5316"}],"wp:attachment":[{"href":"https:\/\/www.estudiotecno.com.ar\/tienda\/wp-json\/wp\/v2\/media?parent=3408"}],"wp:term":[{"taxonomy":"product_cat","embeddable":true,"href":"https:\/\/www.estudiotecno.com.ar\/tienda\/wp-json\/wp\/v2\/product_cat?post=3408"},{"taxonomy":"product_tag","embeddable":true,"href":"https:\/\/www.estudiotecno.com.ar\/tienda\/wp-json\/wp\/v2\/product_tag?post=3408"}],"curies":[{"name":"wp","href":"https:\/\/api.w.org\/{rel}","templated":true}]}}