{"id":3405,"date":"2022-02-26T09:17:32","date_gmt":"2022-02-26T12:17:32","guid":{"rendered":"https:\/\/www.estudiotecno.com.ar\/tienda\/?post_type=product&#038;p=3405"},"modified":"2023-05-17T12:25:51","modified_gmt":"2023-05-17T15:25:51","slug":"teclado-full-lcd-x-28-tlcd-mpxh","status":"publish","type":"product","link":"https:\/\/www.estudiotecno.com.ar\/tienda\/producto\/teclado-full-lcd-x-28-tlcd-mpxh\/","title":{"rendered":"Teclado full LCD X-28 TLCD-MPXH"},"content":{"rendered":"<p>Todos los mensajes del sistema en el display, incluidas las programaciones de la central, de todos los equipos MPXH y de las particiones. Teclas de p\u00e1nico, incendio y emergencia m\u00e9dica independientes. Teclas para programaciones y test. Asistencia por voz de los mensajes del sistema. Expansor de zona incorporado. Z\u00f3calo para M\u00f3dulo Plug In inal\u00e1mbrico<\/p>\n","protected":false},"excerpt":{"rendered":"<p>Todos los mensajes del sistema en el display, incluidas las programaciones de la central, de todos los equipos MPXH y de las particiones. Teclas de p\u00e1nico, incendio y emergencia m\u00e9dica independientes. Teclas para programaciones y test. Asistencia por voz de los mensajes del sistema. Expansor de zona incorporado. Z\u00f3calo para M\u00f3dulo Plug In inal\u00e1mbrico<\/p>\n","protected":false},"featured_media":5300,"comment_status":"closed","ping_status":"closed","template":"","meta":{"_acf_changed":false},"product_cat":[313,94,252],"product_tag":[],"acf":[],"aioseo_notices":[],"jetpack_sharing_enabled":true,"_links":{"self":[{"href":"https:\/\/www.estudiotecno.com.ar\/tienda\/wp-json\/wp\/v2\/product\/3405"}],"collection":[{"href":"https:\/\/www.estudiotecno.com.ar\/tienda\/wp-json\/wp\/v2\/product"}],"about":[{"href":"https:\/\/www.estudiotecno.com.ar\/tienda\/wp-json\/wp\/v2\/types\/product"}],"replies":[{"embeddable":true,"href":"https:\/\/www.estudiotecno.com.ar\/tienda\/wp-json\/wp\/v2\/comments?post=3405"}],"wp:featuredmedia":[{"embeddable":true,"href":"https:\/\/www.estudiotecno.com.ar\/tienda\/wp-json\/wp\/v2\/media\/5300"}],"wp:attachment":[{"href":"https:\/\/www.estudiotecno.com.ar\/tienda\/wp-json\/wp\/v2\/media?parent=3405"}],"wp:term":[{"taxonomy":"product_cat","embeddable":true,"href":"https:\/\/www.estudiotecno.com.ar\/tienda\/wp-json\/wp\/v2\/product_cat?post=3405"},{"taxonomy":"product_tag","embeddable":true,"href":"https:\/\/www.estudiotecno.com.ar\/tienda\/wp-json\/wp\/v2\/product_tag?post=3405"}],"curies":[{"name":"wp","href":"https:\/\/api.w.org\/{rel}","templated":true}]}}