{"id":3403,"date":"2022-02-26T09:12:55","date_gmt":"2022-02-26T12:12:55","guid":{"rendered":"https:\/\/www.estudiotecno.com.ar\/tienda\/?post_type=product&#038;p=3403"},"modified":"2023-05-17T12:26:20","modified_gmt":"2023-05-17T15:26:20","slug":"mini-teclado-led-4-zonas-x-28-t4m-mpxh","status":"publish","type":"product","link":"https:\/\/www.estudiotecno.com.ar\/tienda\/producto\/mini-teclado-led-4-zonas-x-28-t4m-mpxh\/","title":{"rendered":"Mini teclado LED 4 zonas X-28 T4M-MPXH"},"content":{"rendered":"<p>Mini teclado LED 4 zonas. Leds de estado, inclusi\u00f3n de zonas, modos y memorias. Teclas de p\u00e1nico e incendio. Teclas para programaciones y test. Se\u00f1alizaciones ac\u00fasticas mediante buzzer.<\/p>\n","protected":false},"excerpt":{"rendered":"<p>Mini teclado LED 4 zonas. Leds de estado, inclusi\u00f3n de zonas, modos y memorias. Teclas de p\u00e1nico e incendio. Teclas para programaciones y test. Se\u00f1alizaciones ac\u00fasticas mediante buzzer.<\/p>\n","protected":false},"featured_media":5304,"comment_status":"closed","ping_status":"closed","template":"","meta":{"_acf_changed":false},"product_cat":[313,94,252],"product_tag":[],"acf":[],"aioseo_notices":[],"jetpack_sharing_enabled":true,"_links":{"self":[{"href":"https:\/\/www.estudiotecno.com.ar\/tienda\/wp-json\/wp\/v2\/product\/3403"}],"collection":[{"href":"https:\/\/www.estudiotecno.com.ar\/tienda\/wp-json\/wp\/v2\/product"}],"about":[{"href":"https:\/\/www.estudiotecno.com.ar\/tienda\/wp-json\/wp\/v2\/types\/product"}],"replies":[{"embeddable":true,"href":"https:\/\/www.estudiotecno.com.ar\/tienda\/wp-json\/wp\/v2\/comments?post=3403"}],"wp:featuredmedia":[{"embeddable":true,"href":"https:\/\/www.estudiotecno.com.ar\/tienda\/wp-json\/wp\/v2\/media\/5304"}],"wp:attachment":[{"href":"https:\/\/www.estudiotecno.com.ar\/tienda\/wp-json\/wp\/v2\/media?parent=3403"}],"wp:term":[{"taxonomy":"product_cat","embeddable":true,"href":"https:\/\/www.estudiotecno.com.ar\/tienda\/wp-json\/wp\/v2\/product_cat?post=3403"},{"taxonomy":"product_tag","embeddable":true,"href":"https:\/\/www.estudiotecno.com.ar\/tienda\/wp-json\/wp\/v2\/product_tag?post=3403"}],"curies":[{"name":"wp","href":"https:\/\/api.w.org\/{rel}","templated":true}]}}