{"id":3386,"date":"2022-02-25T09:14:10","date_gmt":"2022-02-25T12:14:10","guid":{"rendered":"https:\/\/www.estudiotecno.com.ar\/tienda\/?post_type=product&#038;p=3386"},"modified":"2022-03-07T11:02:40","modified_gmt":"2022-03-07T14:02:40","slug":"memoria-ram-hiper-fury-8gb","status":"publish","type":"product","link":"https:\/\/www.estudiotecno.com.ar\/tienda\/producto\/memoria-ram-hiper-fury-8gb\/","title":{"rendered":"Memoria ram Hiper Fury 8GB"},"content":{"rendered":"<p>HyperX\u00ae FURY DDR4 brinda un poderoso impulso para gaming, edici\u00f3n de video y renderizaci\u00f3n con velocidades de hasta 3733MHz. Esta actualizaci\u00f3n de bajo costo est\u00e1 disponible en velocidades 2400MHz-3733MHz, latencias CL15\u201319, capacidades de m\u00f3dulo simple de 4GB-32GB y capacidades de kit de 16GB-128GB. Cuenta con overclocking autom\u00e1tico Plug N Play1 a velocidades de 2400MHz y 2666MHz y es compatible tanto para Intel XMP-ready como para Ready for AMD Ryzen. HyperX FURY DDR4 mantiene fr\u00eda a tu m\u00e1quina con su elegante disipador de calor y de bajo consumo. 100% testeada a la velocidad publicada y con una garant\u00eda de por vida; es una actualizaci\u00f3n f\u00e1cil y sin problemas para tu sistema basado en Intel o AMD.<\/p>\n<p>Potenci\u00e1 tu PC<br \/>\nCon su tecnolog\u00eda DDR4, mejorar\u00e1 el desempe\u00f1o de tu equipo, ya que aumentar\u00e1 la fluidez y la velocidad en la transferencia de datos \u00a1Optimiz\u00e1 al m\u00e1ximo el rendimiento de tu computadora y reduc\u00ed el consumo energ\u00e9tico!<\/p>\n<p>Tu equipo como nuevo<br \/>\nEsta memoria es ideal para tu Computadoras de escritorio. \u00a1Instalala y comenz\u00e1 a disfrutar de un \u00f3ptimo funcionamiento!<\/p>\n<p>Velocidad para exigentes<br \/>\nSi sos fan\u00e1tico de los juegos en l\u00ednea o la us\u00e1s para trabajar con programas o aplicaciones pesadas, esta memoria es para vos. Gracias a su velocidad de 2666 MHz, podr\u00e1s disfrutar de un alto rendimiento y hacer tus trabajos de manera r\u00e1pida y efectiva.<\/p>\n","protected":false},"excerpt":{"rendered":"<p>HyperX\u00ae FURY DDR4 brinda un poderoso impulso para gaming, edici\u00f3n de video y renderizaci\u00f3n con velocidades de hasta 3733MHz. Esta actualizaci\u00f3n de bajo costo est\u00e1 disponible en velocidades 2400MHz-3733MHz, latencias CL15\u201319, capacidades de m\u00f3dulo simple de 4GB-32GB y capacidades de kit de 16GB-128GB. Cuenta con overclocking autom\u00e1tico Plug N Play1 a velocidades de 2400MHz y [&hellip;]<\/p>\n","protected":false},"featured_media":3587,"comment_status":"closed","ping_status":"closed","template":"","meta":{"_acf_changed":false},"product_cat":[104,291],"product_tag":[],"acf":[],"aioseo_notices":[],"jetpack_sharing_enabled":true,"_links":{"self":[{"href":"https:\/\/www.estudiotecno.com.ar\/tienda\/wp-json\/wp\/v2\/product\/3386"}],"collection":[{"href":"https:\/\/www.estudiotecno.com.ar\/tienda\/wp-json\/wp\/v2\/product"}],"about":[{"href":"https:\/\/www.estudiotecno.com.ar\/tienda\/wp-json\/wp\/v2\/types\/product"}],"replies":[{"embeddable":true,"href":"https:\/\/www.estudiotecno.com.ar\/tienda\/wp-json\/wp\/v2\/comments?post=3386"}],"wp:featuredmedia":[{"embeddable":true,"href":"https:\/\/www.estudiotecno.com.ar\/tienda\/wp-json\/wp\/v2\/media\/3587"}],"wp:attachment":[{"href":"https:\/\/www.estudiotecno.com.ar\/tienda\/wp-json\/wp\/v2\/media?parent=3386"}],"wp:term":[{"taxonomy":"product_cat","embeddable":true,"href":"https:\/\/www.estudiotecno.com.ar\/tienda\/wp-json\/wp\/v2\/product_cat?post=3386"},{"taxonomy":"product_tag","embeddable":true,"href":"https:\/\/www.estudiotecno.com.ar\/tienda\/wp-json\/wp\/v2\/product_tag?post=3386"}],"curies":[{"name":"wp","href":"https:\/\/api.w.org\/{rel}","templated":true}]}}