{"id":3376,"date":"2022-02-24T09:33:35","date_gmt":"2022-02-24T12:33:35","guid":{"rendered":"https:\/\/www.estudiotecno.com.ar\/tienda\/?post_type=product&#038;p=3376"},"modified":"2022-03-07T11:09:02","modified_gmt":"2022-03-07T14:09:02","slug":"disco-externo-1tb-seagate-srdonf1","status":"publish","type":"product","link":"https:\/\/www.estudiotecno.com.ar\/tienda\/producto\/disco-externo-1tb-seagate-srdonf1\/","title":{"rendered":"Disco Externo 1TB Seagate SRDONF1"},"content":{"rendered":"<p>Seagate Basic proporciona copias de seguridad con solo arrastrar y soltar en un dise\u00f1o liviano y compacto.\u00a0Ligera, compacta y totalmente port\u00e1til, Seagate Basic est\u00e1 dise\u00f1ada para que pueda llevar cargas de archivos a donde vaya. Solo ponga el disco duro externo con cable USB 3.0 en su bolso, s\u00e1quelo y con\u00e9ctelo a su computadora con el cable incluido.\u00a0Cuando se trata de copias de seguridad para Windows, Seagate Basic va directo al grano. No necesita preocuparse por instalar un software o algo m\u00e1s, est\u00e1 lista para usarse desde el inicio. Para usarlo con ordenadores Mac, simplemente vuelva a formatear.<\/p>\n","protected":false},"excerpt":{"rendered":"<p>Seagate Basic proporciona copias de seguridad con solo arrastrar y soltar en un dise\u00f1o liviano y compacto.\u00a0Ligera, compacta y totalmente port\u00e1til, Seagate Basic est\u00e1 dise\u00f1ada para que pueda llevar cargas de archivos a donde vaya. Solo ponga el disco duro externo con cable USB 3.0 en su bolso, s\u00e1quelo y con\u00e9ctelo a su computadora con [&hellip;]<\/p>\n","protected":false},"featured_media":3589,"comment_status":"closed","ping_status":"closed","template":"","meta":{"_acf_changed":false},"product_cat":[106,281,306],"product_tag":[],"acf":[],"aioseo_notices":[],"jetpack_sharing_enabled":true,"_links":{"self":[{"href":"https:\/\/www.estudiotecno.com.ar\/tienda\/wp-json\/wp\/v2\/product\/3376"}],"collection":[{"href":"https:\/\/www.estudiotecno.com.ar\/tienda\/wp-json\/wp\/v2\/product"}],"about":[{"href":"https:\/\/www.estudiotecno.com.ar\/tienda\/wp-json\/wp\/v2\/types\/product"}],"replies":[{"embeddable":true,"href":"https:\/\/www.estudiotecno.com.ar\/tienda\/wp-json\/wp\/v2\/comments?post=3376"}],"wp:featuredmedia":[{"embeddable":true,"href":"https:\/\/www.estudiotecno.com.ar\/tienda\/wp-json\/wp\/v2\/media\/3589"}],"wp:attachment":[{"href":"https:\/\/www.estudiotecno.com.ar\/tienda\/wp-json\/wp\/v2\/media?parent=3376"}],"wp:term":[{"taxonomy":"product_cat","embeddable":true,"href":"https:\/\/www.estudiotecno.com.ar\/tienda\/wp-json\/wp\/v2\/product_cat?post=3376"},{"taxonomy":"product_tag","embeddable":true,"href":"https:\/\/www.estudiotecno.com.ar\/tienda\/wp-json\/wp\/v2\/product_tag?post=3376"}],"curies":[{"name":"wp","href":"https:\/\/api.w.org\/{rel}","templated":true}]}}