{"id":3372,"date":"2022-02-24T09:10:02","date_gmt":"2022-02-24T12:10:02","guid":{"rendered":"https:\/\/www.estudiotecno.com.ar\/tienda\/?post_type=product&#038;p=3372"},"modified":"2022-03-07T11:14:54","modified_gmt":"2022-03-07T14:14:54","slug":"control-remoto-duplicador","status":"publish","type":"product","link":"https:\/\/www.estudiotecno.com.ar\/tienda\/producto\/control-remoto-duplicador\/","title":{"rendered":"Control remoto duplicador"},"content":{"rendered":"<p>Frecuencia inal\u00e1mbrica de 433 MHz.\u00a0Voltaje de funcionamiento: bater\u00eda seca: 12 V, 23A.\u00a0Potencia: 0,12 W.\u00a0Dispositivo inal\u00e1mbrico que le permite armar \/ desarmar el sistema desde la palma de sus manos. Tambi\u00e9n viene con bot\u00f3n de p\u00e1nico en caso de emergencia que no le permitir\u00e1 alcanzar el teclado.- Transmisor de cuatro botones: se utiliza para armar, desarmar, desarmar PIR de forma independiente, alarma de emergencia para ayudar al panel de control principal.<\/p>\n","protected":false},"excerpt":{"rendered":"<p>Frecuencia inal\u00e1mbrica de 433 MHz.\u00a0Voltaje de funcionamiento: bater\u00eda seca: 12 V, 23A.\u00a0Potencia: 0,12 W.\u00a0Dispositivo inal\u00e1mbrico que le permite armar \/ desarmar el sistema desde la palma de sus manos. Tambi\u00e9n viene con bot\u00f3n de p\u00e1nico en caso de emergencia que no le permitir\u00e1 alcanzar el teclado.- Transmisor de cuatro botones: se utiliza para armar, desarmar, [&hellip;]<\/p>\n","protected":false},"featured_media":3591,"comment_status":"closed","ping_status":"closed","template":"","meta":{"_acf_changed":false},"product_cat":[106],"product_tag":[],"acf":[],"aioseo_notices":[],"jetpack_sharing_enabled":true,"_links":{"self":[{"href":"https:\/\/www.estudiotecno.com.ar\/tienda\/wp-json\/wp\/v2\/product\/3372"}],"collection":[{"href":"https:\/\/www.estudiotecno.com.ar\/tienda\/wp-json\/wp\/v2\/product"}],"about":[{"href":"https:\/\/www.estudiotecno.com.ar\/tienda\/wp-json\/wp\/v2\/types\/product"}],"replies":[{"embeddable":true,"href":"https:\/\/www.estudiotecno.com.ar\/tienda\/wp-json\/wp\/v2\/comments?post=3372"}],"wp:featuredmedia":[{"embeddable":true,"href":"https:\/\/www.estudiotecno.com.ar\/tienda\/wp-json\/wp\/v2\/media\/3591"}],"wp:attachment":[{"href":"https:\/\/www.estudiotecno.com.ar\/tienda\/wp-json\/wp\/v2\/media?parent=3372"}],"wp:term":[{"taxonomy":"product_cat","embeddable":true,"href":"https:\/\/www.estudiotecno.com.ar\/tienda\/wp-json\/wp\/v2\/product_cat?post=3372"},{"taxonomy":"product_tag","embeddable":true,"href":"https:\/\/www.estudiotecno.com.ar\/tienda\/wp-json\/wp\/v2\/product_tag?post=3372"}],"curies":[{"name":"wp","href":"https:\/\/api.w.org\/{rel}","templated":true}]}}