{"id":3368,"date":"2022-02-24T08:59:49","date_gmt":"2022-02-24T11:59:49","guid":{"rendered":"https:\/\/www.estudiotecno.com.ar\/tienda\/?post_type=product&#038;p=3368"},"modified":"2022-04-06T17:01:24","modified_gmt":"2022-04-06T20:01:24","slug":"google-chromecast-nc2-6a5","status":"publish","type":"product","link":"https:\/\/www.estudiotecno.com.ar\/tienda\/producto\/google-chromecast-nc2-6a5\/","title":{"rendered":"Google Chromecast NC2-6A5 &#8211; Sin fuente"},"content":{"rendered":"<p>Chromecast es un dispositivo de reproducci\u00f3n de contenido multimedia que se conecta al puerto HDMI de tu TV. Solo necesitas tu dispositivo m\u00f3vil y tu TV para enviar tu contenido favorito de m\u00fasica, programas de TV, pel\u00edculas, deportes, juegos y mucho m\u00e1s. Chromecast funciona con iPhone\u00ae, iPad\u00ae, tel\u00e9fonos y tablets Android, port\u00e1tiles Mac\u00ae y Windows\u00ae y Chromebooks.<\/p>\n","protected":false},"excerpt":{"rendered":"<p>Chromecast es un dispositivo de reproducci\u00f3n de contenido multimedia que se conecta al puerto HDMI de tu TV. Solo necesitas tu dispositivo m\u00f3vil y tu TV para enviar tu contenido favorito de m\u00fasica, programas de TV, pel\u00edculas, deportes, juegos y mucho m\u00e1s. Chromecast funciona con iPhone\u00ae, iPad\u00ae, tel\u00e9fonos y tablets Android, port\u00e1tiles Mac\u00ae y Windows\u00ae [&hellip;]<\/p>\n","protected":false},"featured_media":3593,"comment_status":"closed","ping_status":"closed","template":"","meta":{"_acf_changed":false},"product_cat":[282,277,279],"product_tag":[],"acf":[],"aioseo_notices":[],"jetpack_sharing_enabled":true,"_links":{"self":[{"href":"https:\/\/www.estudiotecno.com.ar\/tienda\/wp-json\/wp\/v2\/product\/3368"}],"collection":[{"href":"https:\/\/www.estudiotecno.com.ar\/tienda\/wp-json\/wp\/v2\/product"}],"about":[{"href":"https:\/\/www.estudiotecno.com.ar\/tienda\/wp-json\/wp\/v2\/types\/product"}],"replies":[{"embeddable":true,"href":"https:\/\/www.estudiotecno.com.ar\/tienda\/wp-json\/wp\/v2\/comments?post=3368"}],"wp:featuredmedia":[{"embeddable":true,"href":"https:\/\/www.estudiotecno.com.ar\/tienda\/wp-json\/wp\/v2\/media\/3593"}],"wp:attachment":[{"href":"https:\/\/www.estudiotecno.com.ar\/tienda\/wp-json\/wp\/v2\/media?parent=3368"}],"wp:term":[{"taxonomy":"product_cat","embeddable":true,"href":"https:\/\/www.estudiotecno.com.ar\/tienda\/wp-json\/wp\/v2\/product_cat?post=3368"},{"taxonomy":"product_tag","embeddable":true,"href":"https:\/\/www.estudiotecno.com.ar\/tienda\/wp-json\/wp\/v2\/product_tag?post=3368"}],"curies":[{"name":"wp","href":"https:\/\/api.w.org\/{rel}","templated":true}]}}