{"id":3366,"date":"2022-02-24T08:49:38","date_gmt":"2022-02-24T11:49:38","guid":{"rendered":"https:\/\/www.estudiotecno.com.ar\/tienda\/?post_type=product&#038;p=3366"},"modified":"2022-03-07T11:27:13","modified_gmt":"2022-03-07T14:27:13","slug":"extensor-hdmi-utp-categoria-5e-6","status":"publish","type":"product","link":"https:\/\/www.estudiotecno.com.ar\/tienda\/producto\/extensor-hdmi-utp-categoria-5e-6\/","title":{"rendered":"Extensor HDMI &#8211; UTP Categor\u00eda 5e\/6"},"content":{"rendered":"<p>Par de Extensores HDMI con conexiones UTP.<br \/>\nCada Extensor posee un conector HDMI y 2 entradas RJ45 para conectar 2 cables UTP CAT 5e\/6.<br \/>\nPermiten conectar una Pantalla HDTV 1080P FULL HD a una distancia de hasta 30 metros.<br \/>\nAdem\u00e1s de evitar la limitaci\u00f3n de transmisi\u00f3n del cable HDMI, posee una mayor flexibilidad y comodidad en la instalaci\u00f3n del cable.<\/p>\n","protected":false},"excerpt":{"rendered":"<p>Par de Extensores HDMI con conexiones UTP. Cada Extensor posee un conector HDMI y 2 entradas RJ45 para conectar 2 cables UTP CAT 5e\/6. Permiten conectar una Pantalla HDTV 1080P FULL HD a una distancia de hasta 30 metros. Adem\u00e1s de evitar la limitaci\u00f3n de transmisi\u00f3n del cable HDMI, posee una mayor flexibilidad y comodidad [&hellip;]<\/p>\n","protected":false},"featured_media":3594,"comment_status":"closed","ping_status":"closed","template":"","meta":{"_acf_changed":false},"product_cat":[299],"product_tag":[],"acf":[],"aioseo_notices":[],"jetpack_sharing_enabled":true,"_links":{"self":[{"href":"https:\/\/www.estudiotecno.com.ar\/tienda\/wp-json\/wp\/v2\/product\/3366"}],"collection":[{"href":"https:\/\/www.estudiotecno.com.ar\/tienda\/wp-json\/wp\/v2\/product"}],"about":[{"href":"https:\/\/www.estudiotecno.com.ar\/tienda\/wp-json\/wp\/v2\/types\/product"}],"replies":[{"embeddable":true,"href":"https:\/\/www.estudiotecno.com.ar\/tienda\/wp-json\/wp\/v2\/comments?post=3366"}],"wp:featuredmedia":[{"embeddable":true,"href":"https:\/\/www.estudiotecno.com.ar\/tienda\/wp-json\/wp\/v2\/media\/3594"}],"wp:attachment":[{"href":"https:\/\/www.estudiotecno.com.ar\/tienda\/wp-json\/wp\/v2\/media?parent=3366"}],"wp:term":[{"taxonomy":"product_cat","embeddable":true,"href":"https:\/\/www.estudiotecno.com.ar\/tienda\/wp-json\/wp\/v2\/product_cat?post=3366"},{"taxonomy":"product_tag","embeddable":true,"href":"https:\/\/www.estudiotecno.com.ar\/tienda\/wp-json\/wp\/v2\/product_tag?post=3366"}],"curies":[{"name":"wp","href":"https:\/\/api.w.org\/{rel}","templated":true}]}}