{"id":3364,"date":"2022-02-24T08:42:27","date_gmt":"2022-02-24T11:42:27","guid":{"rendered":"https:\/\/www.estudiotecno.com.ar\/tienda\/?post_type=product&#038;p=3364"},"modified":"2022-05-30T16:31:03","modified_gmt":"2022-05-30T19:31:03","slug":"estabilizador-de-tension-micro-volt-series-trv","status":"publish","type":"product","link":"https:\/\/www.estudiotecno.com.ar\/tienda\/producto\/estabilizador-de-tension-micro-volt-series-trv\/","title":{"rendered":"Estabilizador de tensi\u00f3n Micro Volt series TRV"},"content":{"rendered":"<p>El estabilizador MICRO VOLT fue desarrollado para la protecci\u00f3n de equipos electr\u00f3nicos, como PC de escritorio, notebook, monitores, impresoras, modems, TV LED, decodificadores de TV , consolas de juego, cajas registradoras, balanzas electr\u00f3nicas y otros equipos sensibles a las variaciones de tensi\u00f3n.<\/p>\n<p>Estabilizador de tensi\u00f3n.\u00a04 tomacorrientes.\u00a0Llave de encendido.\u00a01200 VA.\u00a0Indicador lum\u00ednico.\u00a0Llave de protecci\u00f3n t\u00e9rmica (c\/ reposici\u00f3n manual)<\/p>\n","protected":false},"excerpt":{"rendered":"<p>El estabilizador MICRO VOLT fue desarrollado para la protecci\u00f3n de equipos electr\u00f3nicos, como PC de escritorio, notebook, monitores, impresoras, modems, TV LED, decodificadores de TV , consolas de juego, cajas registradoras, balanzas electr\u00f3nicas y otros equipos sensibles a las variaciones de tensi\u00f3n. Estabilizador de tensi\u00f3n.\u00a04 tomacorrientes.\u00a0Llave de encendido.\u00a01200 VA.\u00a0Indicador lum\u00ednico.\u00a0Llave de protecci\u00f3n t\u00e9rmica (c\/ reposici\u00f3n [&hellip;]<\/p>\n","protected":false},"featured_media":3596,"comment_status":"closed","ping_status":"closed","template":"","meta":{"_acf_changed":false},"product_cat":[205],"product_tag":[],"acf":[],"aioseo_notices":[],"jetpack_sharing_enabled":true,"_links":{"self":[{"href":"https:\/\/www.estudiotecno.com.ar\/tienda\/wp-json\/wp\/v2\/product\/3364"}],"collection":[{"href":"https:\/\/www.estudiotecno.com.ar\/tienda\/wp-json\/wp\/v2\/product"}],"about":[{"href":"https:\/\/www.estudiotecno.com.ar\/tienda\/wp-json\/wp\/v2\/types\/product"}],"replies":[{"embeddable":true,"href":"https:\/\/www.estudiotecno.com.ar\/tienda\/wp-json\/wp\/v2\/comments?post=3364"}],"wp:featuredmedia":[{"embeddable":true,"href":"https:\/\/www.estudiotecno.com.ar\/tienda\/wp-json\/wp\/v2\/media\/3596"}],"wp:attachment":[{"href":"https:\/\/www.estudiotecno.com.ar\/tienda\/wp-json\/wp\/v2\/media?parent=3364"}],"wp:term":[{"taxonomy":"product_cat","embeddable":true,"href":"https:\/\/www.estudiotecno.com.ar\/tienda\/wp-json\/wp\/v2\/product_cat?post=3364"},{"taxonomy":"product_tag","embeddable":true,"href":"https:\/\/www.estudiotecno.com.ar\/tienda\/wp-json\/wp\/v2\/product_tag?post=3364"}],"curies":[{"name":"wp","href":"https:\/\/api.w.org\/{rel}","templated":true}]}}