{"id":3359,"date":"2022-02-24T08:22:13","date_gmt":"2022-02-24T11:22:13","guid":{"rendered":"https:\/\/www.estudiotecno.com.ar\/tienda\/?post_type=product&#038;p=3359"},"modified":"2022-03-07T17:47:40","modified_gmt":"2022-03-07T20:47:40","slug":"convertidor-de-video-vga-a-hdmi-dinax-power-dx-conv2hd","status":"publish","type":"product","link":"https:\/\/www.estudiotecno.com.ar\/tienda\/producto\/convertidor-de-video-vga-a-hdmi-dinax-power-dx-conv2hd\/","title":{"rendered":"Convertidor de video VGA a HDMI Dinax Power DX-CONV2HD"},"content":{"rendered":"<p>Adaptador de vga a hdmi que convierte la se\u00f1al de imagen general de pc a formato hdmi para pantallas de alta definici\u00f3n.<br \/>\nPlug &amp; play.<br \/>\nAdem\u00e1s de la optimizaci\u00f3n de video, tambi\u00e9n convierte la se\u00f1al de entrada de audio de 3,5 mm. A formatos digitales.<br \/>\nSoporta resoluci\u00f3n de entrada hasta 1920 x 1080 px. Alimentaci\u00f3n por usb.<br \/>\nCaracter\u00edsticas:<br \/>\nAlta capacidad de ancho de banda de apoyo 1920&#215;1080 &#8211; 60Hz<br \/>\nPuerto de entrada: VGA audio de 3,5 mm<br \/>\nPuerto de salida: HDMI<br \/>\nPeso: 40 g<br \/>\nTama\u00f1o: 61 mm. x 55 mm.<br \/>\nMaterial: Pl\u00e1stico.<\/p>\n","protected":false},"excerpt":{"rendered":"<p>Adaptador de vga a hdmi que convierte la se\u00f1al de imagen general de pc a formato hdmi para pantallas de alta definici\u00f3n. Plug &amp; play. Adem\u00e1s de la optimizaci\u00f3n de video, tambi\u00e9n convierte la se\u00f1al de entrada de audio de 3,5 mm. A formatos digitales. Soporta resoluci\u00f3n de entrada hasta 1920 x 1080 px. Alimentaci\u00f3n [&hellip;]<\/p>\n","protected":false},"featured_media":3598,"comment_status":"closed","ping_status":"closed","template":"","meta":{"_acf_changed":false},"product_cat":[299],"product_tag":[],"acf":[],"aioseo_notices":[],"jetpack_sharing_enabled":true,"_links":{"self":[{"href":"https:\/\/www.estudiotecno.com.ar\/tienda\/wp-json\/wp\/v2\/product\/3359"}],"collection":[{"href":"https:\/\/www.estudiotecno.com.ar\/tienda\/wp-json\/wp\/v2\/product"}],"about":[{"href":"https:\/\/www.estudiotecno.com.ar\/tienda\/wp-json\/wp\/v2\/types\/product"}],"replies":[{"embeddable":true,"href":"https:\/\/www.estudiotecno.com.ar\/tienda\/wp-json\/wp\/v2\/comments?post=3359"}],"wp:featuredmedia":[{"embeddable":true,"href":"https:\/\/www.estudiotecno.com.ar\/tienda\/wp-json\/wp\/v2\/media\/3598"}],"wp:attachment":[{"href":"https:\/\/www.estudiotecno.com.ar\/tienda\/wp-json\/wp\/v2\/media?parent=3359"}],"wp:term":[{"taxonomy":"product_cat","embeddable":true,"href":"https:\/\/www.estudiotecno.com.ar\/tienda\/wp-json\/wp\/v2\/product_cat?post=3359"},{"taxonomy":"product_tag","embeddable":true,"href":"https:\/\/www.estudiotecno.com.ar\/tienda\/wp-json\/wp\/v2\/product_tag?post=3359"}],"curies":[{"name":"wp","href":"https:\/\/api.w.org\/{rel}","templated":true}]}}