{"id":3352,"date":"2022-02-23T17:00:45","date_gmt":"2022-02-23T20:00:45","guid":{"rendered":"https:\/\/www.estudiotecno.com.ar\/tienda\/?post_type=product&#038;p=3352"},"modified":"2025-09-03T12:58:01","modified_gmt":"2025-09-03T15:58:01","slug":"switch-de-sobremesa-con-5-puertos-a-10-100-mbps-tp-link-tl-sf1005d","status":"publish","type":"product","link":"https:\/\/www.estudiotecno.com.ar\/tienda\/producto\/switch-de-sobremesa-con-5-puertos-a-10-100-mbps-tp-link-tl-sf1005d\/","title":{"rendered":"Switch de sobremesa con 5 puertos a 10\/100 Mbps Tp-link TL-SF1005D"},"content":{"rendered":"<p>5 puertos RJ45 a 10\/100 Mbps con detecci\u00f3n autom\u00e1tica de velocidad, soporte para MDI\/MDIX autom\u00e1tico. Tecnolog\u00eda de ahorro de energ\u00eda para Ethernet que reduce el consumo hasta un 60%. El control de flujo IEEE 802.3x permite una transmisi\u00f3n fiable de datos. Carcasa de pl\u00e1stico, dise\u00f1o de sobremesa. Plug and Play, sin ninguna configuraci\u00f3n adicional.<\/p>\n","protected":false},"excerpt":{"rendered":"<p>5 puertos RJ45 a 10\/100 Mbps con detecci\u00f3n autom\u00e1tica de velocidad, soporte para MDI\/MDIX autom\u00e1tico. Tecnolog\u00eda de ahorro de energ\u00eda para Ethernet que reduce el consumo hasta un 60%. El control de flujo IEEE 802.3x permite una transmisi\u00f3n fiable de datos. Carcasa de pl\u00e1stico, dise\u00f1o de sobremesa. Plug and Play, sin ninguna configuraci\u00f3n adicional.<\/p>\n","protected":false},"featured_media":5251,"comment_status":"closed","ping_status":"closed","template":"","meta":{"_acf_changed":false},"product_cat":[376,282,167],"product_tag":[],"acf":[],"aioseo_notices":[],"jetpack_sharing_enabled":true,"_links":{"self":[{"href":"https:\/\/www.estudiotecno.com.ar\/tienda\/wp-json\/wp\/v2\/product\/3352"}],"collection":[{"href":"https:\/\/www.estudiotecno.com.ar\/tienda\/wp-json\/wp\/v2\/product"}],"about":[{"href":"https:\/\/www.estudiotecno.com.ar\/tienda\/wp-json\/wp\/v2\/types\/product"}],"replies":[{"embeddable":true,"href":"https:\/\/www.estudiotecno.com.ar\/tienda\/wp-json\/wp\/v2\/comments?post=3352"}],"wp:featuredmedia":[{"embeddable":true,"href":"https:\/\/www.estudiotecno.com.ar\/tienda\/wp-json\/wp\/v2\/media\/5251"}],"wp:attachment":[{"href":"https:\/\/www.estudiotecno.com.ar\/tienda\/wp-json\/wp\/v2\/media?parent=3352"}],"wp:term":[{"taxonomy":"product_cat","embeddable":true,"href":"https:\/\/www.estudiotecno.com.ar\/tienda\/wp-json\/wp\/v2\/product_cat?post=3352"},{"taxonomy":"product_tag","embeddable":true,"href":"https:\/\/www.estudiotecno.com.ar\/tienda\/wp-json\/wp\/v2\/product_tag?post=3352"}],"curies":[{"name":"wp","href":"https:\/\/api.w.org\/{rel}","templated":true}]}}