{"id":3348,"date":"2022-02-23T16:20:05","date_gmt":"2022-02-23T19:20:05","guid":{"rendered":"https:\/\/www.estudiotecno.com.ar\/tienda\/?post_type=product&#038;p=3348"},"modified":"2022-03-07T16:20:56","modified_gmt":"2022-03-07T19:20:56","slug":"juego-de-parlantes-logitech-z211","status":"publish","type":"product","link":"https:\/\/www.estudiotecno.com.ar\/tienda\/producto\/juego-de-parlantes-logitech-z211\/","title":{"rendered":"Juego de parlantes Logitech Z211"},"content":{"rendered":"<div id=\"5a301bee1400007f004908a5\">El juego de parlantes de Logitech Z211 2.1 USB es compacto. Dispone de un subwoofer -de 18,3 cm de alto, 13 cm de ancho, 19,7 cm de profundidad y 1,055 kilogramos de peso- y dos parlantes sat\u00e9lites -13,8 cm de alto, 8 cm de ancho, 7,95 cm de profundidad y 450 gramos de peso cada uno-.Gracias al controlador externo podr\u00e1s acceder f\u00e1cilmente a los mandos de encendido, volumen y a la toma de auriculares. Adem\u00e1s, personaliz\u00e1 tu experiencia sonora y ajust\u00e1 el nivel de graves mediante el mando giratorio situado en el subwoofer.<\/div>\n<div id=\"5a301bee14000063004908b8\">El Logitech Z211 2.1 USB tiene una potencia de 7 W RMS (cada parlante) y 4 W RMS el subwoofer. Disfrut\u00e1 de un sonido pleno y graves mejorados.<\/div>\n<div id=\"5a301bee1400008a004908be\">Con el modelo Z211 podr\u00e1s reproducir toda tu m\u00fasica de forma convencional mediante la entrada de 3,5 mm del equipo. Funciona como complemento de televisores, computadoras, smartphones, tablets y reproductores de m\u00fasica.<\/div>\n","protected":false},"excerpt":{"rendered":"<p>El juego de parlantes de Logitech Z211 2.1 USB es compacto. Dispone de un subwoofer -de 18,3 cm de alto, 13 cm de ancho, 19,7 cm de profundidad y 1,055 kilogramos de peso- y dos parlantes sat\u00e9lites -13,8 cm de alto, 8 cm de ancho, 7,95 cm de profundidad y 450 gramos de peso cada [&hellip;]<\/p>\n","protected":false},"featured_media":3610,"comment_status":"closed","ping_status":"closed","template":"","meta":{"_acf_changed":false},"product_cat":[100,113],"product_tag":[],"acf":[],"aioseo_notices":[],"jetpack_sharing_enabled":true,"_links":{"self":[{"href":"https:\/\/www.estudiotecno.com.ar\/tienda\/wp-json\/wp\/v2\/product\/3348"}],"collection":[{"href":"https:\/\/www.estudiotecno.com.ar\/tienda\/wp-json\/wp\/v2\/product"}],"about":[{"href":"https:\/\/www.estudiotecno.com.ar\/tienda\/wp-json\/wp\/v2\/types\/product"}],"replies":[{"embeddable":true,"href":"https:\/\/www.estudiotecno.com.ar\/tienda\/wp-json\/wp\/v2\/comments?post=3348"}],"wp:featuredmedia":[{"embeddable":true,"href":"https:\/\/www.estudiotecno.com.ar\/tienda\/wp-json\/wp\/v2\/media\/3610"}],"wp:attachment":[{"href":"https:\/\/www.estudiotecno.com.ar\/tienda\/wp-json\/wp\/v2\/media?parent=3348"}],"wp:term":[{"taxonomy":"product_cat","embeddable":true,"href":"https:\/\/www.estudiotecno.com.ar\/tienda\/wp-json\/wp\/v2\/product_cat?post=3348"},{"taxonomy":"product_tag","embeddable":true,"href":"https:\/\/www.estudiotecno.com.ar\/tienda\/wp-json\/wp\/v2\/product_tag?post=3348"}],"curies":[{"name":"wp","href":"https:\/\/api.w.org\/{rel}","templated":true}]}}