{"id":3345,"date":"2022-02-23T16:05:18","date_gmt":"2022-02-23T19:05:18","guid":{"rendered":"https:\/\/www.estudiotecno.com.ar\/tienda\/?post_type=product&#038;p=3345"},"modified":"2022-03-07T16:25:00","modified_gmt":"2022-03-07T19:25:00","slug":"parlante-portatil-logitech-z51","status":"publish","type":"product","link":"https:\/\/www.estudiotecno.com.ar\/tienda\/producto\/parlante-portatil-logitech-z51\/","title":{"rendered":"Parlante port\u00e1til Logitech Z51"},"content":{"rendered":"<div id=\"5a301bee14000063004908b8\">Conectalo mediante su entrada auxiliar de 3,5 mm a otro dispositivo electr\u00f3nico. Adem\u00e1s, podr\u00e1s controlar el volumen desde tu equipo.<\/div>\n<div>El parlante port\u00e1til Z51 de Logitech tiene un dise\u00f1o compacto. Gracias a sus medidas -10,65 cm de alto, 98,6 cm de ancho y 98,6 cm de profundidad- y su peso -de tan s\u00f3lo 285 gramos-, es ideal para llevarlo con vos donde vayas.<\/div>\n<div>Recarga la bater\u00eda del Z51 conect\u00e1ndolo a cualquier puerto USB o a un adaptador de corriente USB.<\/div>\n","protected":false},"excerpt":{"rendered":"<p>Conectalo mediante su entrada auxiliar de 3,5 mm a otro dispositivo electr\u00f3nico. Adem\u00e1s, podr\u00e1s controlar el volumen desde tu equipo. El parlante port\u00e1til Z51 de Logitech tiene un dise\u00f1o compacto. Gracias a sus medidas -10,65 cm de alto, 98,6 cm de ancho y 98,6 cm de profundidad- y su peso -de tan s\u00f3lo 285 gramos-, [&hellip;]<\/p>\n","protected":false},"featured_media":3611,"comment_status":"closed","ping_status":"closed","template":"","meta":{"_acf_changed":false},"product_cat":[100,113],"product_tag":[],"acf":[],"aioseo_notices":[],"jetpack_sharing_enabled":true,"_links":{"self":[{"href":"https:\/\/www.estudiotecno.com.ar\/tienda\/wp-json\/wp\/v2\/product\/3345"}],"collection":[{"href":"https:\/\/www.estudiotecno.com.ar\/tienda\/wp-json\/wp\/v2\/product"}],"about":[{"href":"https:\/\/www.estudiotecno.com.ar\/tienda\/wp-json\/wp\/v2\/types\/product"}],"replies":[{"embeddable":true,"href":"https:\/\/www.estudiotecno.com.ar\/tienda\/wp-json\/wp\/v2\/comments?post=3345"}],"wp:featuredmedia":[{"embeddable":true,"href":"https:\/\/www.estudiotecno.com.ar\/tienda\/wp-json\/wp\/v2\/media\/3611"}],"wp:attachment":[{"href":"https:\/\/www.estudiotecno.com.ar\/tienda\/wp-json\/wp\/v2\/media?parent=3345"}],"wp:term":[{"taxonomy":"product_cat","embeddable":true,"href":"https:\/\/www.estudiotecno.com.ar\/tienda\/wp-json\/wp\/v2\/product_cat?post=3345"},{"taxonomy":"product_tag","embeddable":true,"href":"https:\/\/www.estudiotecno.com.ar\/tienda\/wp-json\/wp\/v2\/product_tag?post=3345"}],"curies":[{"name":"wp","href":"https:\/\/api.w.org\/{rel}","templated":true}]}}