{"id":3324,"date":"2022-02-23T14:37:57","date_gmt":"2022-02-23T17:37:57","guid":{"rendered":"https:\/\/www.estudiotecno.com.ar\/tienda\/?post_type=product&#038;p=3324"},"modified":"2022-03-07T17:28:10","modified_gmt":"2022-03-07T20:28:10","slug":"teclado-gamer-xtech-ntk500s","status":"publish","type":"product","link":"https:\/\/www.estudiotecno.com.ar\/tienda\/producto\/teclado-gamer-xtech-ntk500s\/","title":{"rendered":"Teclado gamer XTECH XTK500S"},"content":{"rendered":"<p>El teclado Xtech XTK-500 Gaming posee \u00abTeclas G Programables\u00bb que ponen a disposici\u00f3n del usuario comandos de acceso directo para videojuegos.<\/p>\n<p>Los macros han sido dise\u00f1ados para simplificar secuencias, con tan s\u00f3lo pulsar un bot\u00f3n, que de otra forma resultan largas y complejas. La configuraci\u00f3n de estas teclas es muy f\u00e1cil con el teclado Xtech para juegos de v\u00eddeo.<\/p>\n<div class=\"product-description typo\">\n<p>Adem\u00e1s, ofrece teclas de color para jugar f\u00e1cilmente y configuraci\u00f3n autom\u00e1tica plug and play.<\/p>\n<p>Teclado para videojuegos con cable. Idioma:\u00a0Espa\u00f1ol.\u00a0N\u00famero de teclas:\u00a0105.\u00a0Teclas multimedia:\u00a022 a trav\u00e9s de la tecla Fn, se activan las siguientes funciones: Reproductor de medios, Reproducci\u00f3n\/Pausa, Subir volumen, Bajar volumen, Enmudecimiento, Detener, Retroceder, Avanzar, Inicio, Navegador, B\u00fasqueda, Favoritos, E-mail, Bloqueo del teclado, Calculadora, WASDpara la funci\u00f3n de las teclas de direcci\u00f3n y configuraci\u00f3n de la velocidad de transmisi\u00f3n.\u00a0Teclas para macros:\u00a04 (G1, G2, G3, G4) + 1 tecla para registro manual.\u00a0Interfaz:\u00a0USB.\u00a0Indicadores:\u00a0Bloqueo teclas NUM, MAY\u00daS, DESPL.\u00a0Requisitos del sistema:\u00a0Familia Windows.\u00a0Configuraci\u00f3n autom\u00e1tica plug and play.\u00a0Teclas de color para jugar f\u00e1cilmente.<\/p>\n<\/div>\n<div class=\"product-description typo\">\n<p>&nbsp;<\/p>\n<\/div>\n","protected":false},"excerpt":{"rendered":"<p>El teclado Xtech XTK-500 Gaming posee \u00abTeclas G Programables\u00bb que ponen a disposici\u00f3n del usuario comandos de acceso directo para videojuegos. Los macros han sido dise\u00f1ados para simplificar secuencias, con tan s\u00f3lo pulsar un bot\u00f3n, que de otra forma resultan largas y complejas. La configuraci\u00f3n de estas teclas es muy f\u00e1cil con el teclado Xtech [&hellip;]<\/p>\n","protected":false},"featured_media":3624,"comment_status":"closed","ping_status":"closed","template":"","meta":{"_acf_changed":false},"product_cat":[299],"product_tag":[],"acf":[],"aioseo_notices":[],"jetpack_sharing_enabled":true,"_links":{"self":[{"href":"https:\/\/www.estudiotecno.com.ar\/tienda\/wp-json\/wp\/v2\/product\/3324"}],"collection":[{"href":"https:\/\/www.estudiotecno.com.ar\/tienda\/wp-json\/wp\/v2\/product"}],"about":[{"href":"https:\/\/www.estudiotecno.com.ar\/tienda\/wp-json\/wp\/v2\/types\/product"}],"replies":[{"embeddable":true,"href":"https:\/\/www.estudiotecno.com.ar\/tienda\/wp-json\/wp\/v2\/comments?post=3324"}],"wp:featuredmedia":[{"embeddable":true,"href":"https:\/\/www.estudiotecno.com.ar\/tienda\/wp-json\/wp\/v2\/media\/3624"}],"wp:attachment":[{"href":"https:\/\/www.estudiotecno.com.ar\/tienda\/wp-json\/wp\/v2\/media?parent=3324"}],"wp:term":[{"taxonomy":"product_cat","embeddable":true,"href":"https:\/\/www.estudiotecno.com.ar\/tienda\/wp-json\/wp\/v2\/product_cat?post=3324"},{"taxonomy":"product_tag","embeddable":true,"href":"https:\/\/www.estudiotecno.com.ar\/tienda\/wp-json\/wp\/v2\/product_tag?post=3324"}],"curies":[{"name":"wp","href":"https:\/\/api.w.org\/{rel}","templated":true}]}}