{"id":3321,"date":"2022-02-23T14:31:46","date_gmt":"2022-02-23T17:31:46","guid":{"rendered":"https:\/\/www.estudiotecno.com.ar\/tienda\/?post_type=product&#038;p=3321"},"modified":"2022-03-07T17:33:44","modified_gmt":"2022-03-07T20:33:44","slug":"teclado-gamer-mecanico-noga-beam","status":"publish","type":"product","link":"https:\/\/www.estudiotecno.com.ar\/tienda\/producto\/teclado-gamer-mecanico-noga-beam\/","title":{"rendered":"Teclado gamer mec\u00e1nico Noga Beam KZ-1104"},"content":{"rendered":"<div>NOGA BEAM te brinda una gran performance debido a su tecnolog\u00eda mec\u00e1nica y su excelente construcci\u00f3n.<\/div>\n<div>Su estructura met\u00e1lica te proporciona gran estabilidad y durabilidad, y sus teclas est\u00e1n dise\u00f1adas para recibir fuertes clicks.<\/div>\n<div>Adem\u00e1s te proporciona un perfecto \u201ctouch\u201d que genera el feedback exacto para jugar con absoluta seguridad.<\/div>\n<div>Posee un cable mallado con filtro preparado para soportar tironeos y garantiza una \u00f3ptima velocidad de transmisi\u00f3n y respuesta.<\/div>\n<div>Incluye m\u00faltiples modos de retroiluminaci\u00f3n con la posibilidad de personalizarla tecla por tecla a tu exacta preferencia.<\/div>\n<div>Elegante Dise\u00f1o Gamer.<\/div>\n<div><\/div>\n<div>\n<p><strong>Caracter\u00edsticas:<br \/>\n<\/strong><\/p>\n<div id=\"tab-desc\" class=\"tab-pane active\">\n<div class=\"long_desc\">\n<div>\u2013 104 Teclas con una vida \u00fatil de 50 millones de pulsaciones<\/div>\n<div>\u2013 Tipo de Tecla: Blue MX Mechanical Key con funci\u00f3n \u201canti-ghosting\u201d<\/div>\n<div>\u2013 Teclado con Retroiluminaci\u00f3n RGB HUE Chromatic LEDS<\/div>\n<div>\u2013 11 Modos de Retroiluminaci\u00f3n con 4 niveles de velocidad y 4 niveles de intensidad LED<\/div>\n<div>\u2013 8 Modos de Retroiluminaci\u00f3n preconfigurados<\/div>\n<div>\u2013 Opci\u00f3n de personalizar \u201cRetroiluminaci\u00f3n Tecla por Tecla\u201d<\/div>\n<div>\u2013 Conexi\u00f3n USB<\/div>\n<div>\u2013 Cable mallado con filtro de 1,8 metros de longitud<\/div>\n<div>\u2013 Incluye holder para colocar tel\u00e9fono m\u00f3vil<\/div>\n<div>\u2013 Medidas: 45,3 cm. (Ancho) x 14,3 cm. (Profundidad) x 3,6 cm. (Altura)<\/div>\n<\/div>\n<\/div>\n<\/div>\n","protected":false},"excerpt":{"rendered":"<p>NOGA BEAM te brinda una gran performance debido a su tecnolog\u00eda mec\u00e1nica y su excelente construcci\u00f3n. Su estructura met\u00e1lica te proporciona gran estabilidad y durabilidad, y sus teclas est\u00e1n dise\u00f1adas para recibir fuertes clicks. Adem\u00e1s te proporciona un perfecto \u201ctouch\u201d que genera el feedback exacto para jugar con absoluta seguridad. Posee un cable mallado con [&hellip;]<\/p>\n","protected":false},"featured_media":3625,"comment_status":"closed","ping_status":"closed","template":"","meta":{"_acf_changed":false},"product_cat":[220,291],"product_tag":[],"acf":[],"aioseo_notices":[],"jetpack_sharing_enabled":true,"_links":{"self":[{"href":"https:\/\/www.estudiotecno.com.ar\/tienda\/wp-json\/wp\/v2\/product\/3321"}],"collection":[{"href":"https:\/\/www.estudiotecno.com.ar\/tienda\/wp-json\/wp\/v2\/product"}],"about":[{"href":"https:\/\/www.estudiotecno.com.ar\/tienda\/wp-json\/wp\/v2\/types\/product"}],"replies":[{"embeddable":true,"href":"https:\/\/www.estudiotecno.com.ar\/tienda\/wp-json\/wp\/v2\/comments?post=3321"}],"wp:featuredmedia":[{"embeddable":true,"href":"https:\/\/www.estudiotecno.com.ar\/tienda\/wp-json\/wp\/v2\/media\/3625"}],"wp:attachment":[{"href":"https:\/\/www.estudiotecno.com.ar\/tienda\/wp-json\/wp\/v2\/media?parent=3321"}],"wp:term":[{"taxonomy":"product_cat","embeddable":true,"href":"https:\/\/www.estudiotecno.com.ar\/tienda\/wp-json\/wp\/v2\/product_cat?post=3321"},{"taxonomy":"product_tag","embeddable":true,"href":"https:\/\/www.estudiotecno.com.ar\/tienda\/wp-json\/wp\/v2\/product_tag?post=3321"}],"curies":[{"name":"wp","href":"https:\/\/api.w.org\/{rel}","templated":true}]}}