{"id":3305,"date":"2022-02-23T11:30:03","date_gmt":"2022-02-23T14:30:03","guid":{"rendered":"https:\/\/www.estudiotecno.com.ar\/tienda\/?post_type=product&#038;p=3305"},"modified":"2022-03-14T11:51:17","modified_gmt":"2022-03-14T14:51:17","slug":"mouse-inalambrico-e-view-ld956","status":"publish","type":"product","link":"https:\/\/www.estudiotecno.com.ar\/tienda\/producto\/mouse-inalambrico-e-view-ld956\/","title":{"rendered":"Mouse inal\u00e1mbrico E-View LD956"},"content":{"rendered":"<p>Rat\u00f3n inal\u00e1mbrico. Conexi\u00f3n: receptor USB nano. Rat\u00f3n inal\u00e1mbrico de 4 botones. Distancia de operaci\u00f3n: 8mt, m\u00e1xima de 10mt. Dimensiones 112 x 61 x 40mm. Bater\u00eda 2aaa. Peso 85 gr. Resoluci\u00f3n 1200dpi. 3 botones que incluye derecho, izquierdo desplazamiento. Color: negro. Contenido: 1 rat\u00f3n 1 receptor nano. Requisitos m\u00ednimos: Windows 2000 \/ vista \/ 7\/8\/10.<\/p>\n","protected":false},"excerpt":{"rendered":"<p>Rat\u00f3n inal\u00e1mbrico. Conexi\u00f3n: receptor USB nano. Rat\u00f3n inal\u00e1mbrico de 4 botones. Distancia de operaci\u00f3n: 8mt, m\u00e1xima de 10mt. Dimensiones 112 x 61 x 40mm. Bater\u00eda 2aaa. Peso 85 gr. Resoluci\u00f3n 1200dpi. 3 botones que incluye derecho, izquierdo desplazamiento. Color: negro. Contenido: 1 rat\u00f3n 1 receptor nano. Requisitos m\u00ednimos: Windows 2000 \/ vista \/ 7\/8\/10.<\/p>\n","protected":false},"featured_media":3911,"comment_status":"closed","ping_status":"closed","template":"","meta":{"_acf_changed":false},"product_cat":[104,310,291],"product_tag":[],"acf":[],"aioseo_notices":[],"jetpack_sharing_enabled":true,"_links":{"self":[{"href":"https:\/\/www.estudiotecno.com.ar\/tienda\/wp-json\/wp\/v2\/product\/3305"}],"collection":[{"href":"https:\/\/www.estudiotecno.com.ar\/tienda\/wp-json\/wp\/v2\/product"}],"about":[{"href":"https:\/\/www.estudiotecno.com.ar\/tienda\/wp-json\/wp\/v2\/types\/product"}],"replies":[{"embeddable":true,"href":"https:\/\/www.estudiotecno.com.ar\/tienda\/wp-json\/wp\/v2\/comments?post=3305"}],"wp:featuredmedia":[{"embeddable":true,"href":"https:\/\/www.estudiotecno.com.ar\/tienda\/wp-json\/wp\/v2\/media\/3911"}],"wp:attachment":[{"href":"https:\/\/www.estudiotecno.com.ar\/tienda\/wp-json\/wp\/v2\/media?parent=3305"}],"wp:term":[{"taxonomy":"product_cat","embeddable":true,"href":"https:\/\/www.estudiotecno.com.ar\/tienda\/wp-json\/wp\/v2\/product_cat?post=3305"},{"taxonomy":"product_tag","embeddable":true,"href":"https:\/\/www.estudiotecno.com.ar\/tienda\/wp-json\/wp\/v2\/product_tag?post=3305"}],"curies":[{"name":"wp","href":"https:\/\/api.w.org\/{rel}","templated":true}]}}