{"id":3300,"date":"2022-02-23T11:19:11","date_gmt":"2022-02-23T14:19:11","guid":{"rendered":"https:\/\/www.estudiotecno.com.ar\/tienda\/?post_type=product&#038;p=3300"},"modified":"2022-03-14T12:00:50","modified_gmt":"2022-03-14T15:00:50","slug":"mouse-inalambrico-genius-nx-7010","status":"publish","type":"product","link":"https:\/\/www.estudiotecno.com.ar\/tienda\/producto\/mouse-inalambrico-genius-nx-7010\/","title":{"rendered":"Mouse inal\u00e1mbrico Genius NX-7010"},"content":{"rendered":"<p>Requisitos del sistema:<br \/>\nWindows 7, 8, 8.1, 10<br \/>\nMac OS X 10.8 o superior<br \/>\nPuerto USB<br \/>\nUna pila AA<\/p>\n<p>Especificaciones:<br \/>\nFrecuencia RF 2.4 GHz<br \/>\nCantidad de botones Tres (izquierda, derecha y central con desplazamiento)<br \/>\nResoluci\u00f3n (DPI) 800, 1200, 1600<br \/>\nTecnolog\u00eda de mouse \u00d3ptico<br \/>\nUnidad de sensor BlueEye<br \/>\nColores Rojo, Magenta, Verde, Azul, Turquesa CONSULTAR COLORES DISPONIBLES<br \/>\nPeso 57 g(incluye receptor)<br \/>\nDimensiones (A x A x P) 58 x 100 x 39 mm (2,28 x 3,94 x 1,54 pulgadas)<\/p>\n<p>Contenido de la caja:<br \/>\nNX-7010<br \/>\nMini receptor USB<br \/>\nBater\u00eda alcalina AA<br \/>\nManual del usuario en varios idiomas<\/p>\n","protected":false},"excerpt":{"rendered":"<p>Requisitos del sistema: Windows 7, 8, 8.1, 10 Mac OS X 10.8 o superior Puerto USB Una pila AA Especificaciones: Frecuencia RF 2.4 GHz Cantidad de botones Tres (izquierda, derecha y central con desplazamiento) Resoluci\u00f3n (DPI) 800, 1200, 1600 Tecnolog\u00eda de mouse \u00d3ptico Unidad de sensor BlueEye Colores Rojo, Magenta, Verde, Azul, Turquesa CONSULTAR COLORES [&hellip;]<\/p>\n","protected":false},"featured_media":3915,"comment_status":"closed","ping_status":"closed","template":"","meta":{"_acf_changed":false},"product_cat":[104,110,291],"product_tag":[],"acf":[],"aioseo_notices":[],"jetpack_sharing_enabled":true,"_links":{"self":[{"href":"https:\/\/www.estudiotecno.com.ar\/tienda\/wp-json\/wp\/v2\/product\/3300"}],"collection":[{"href":"https:\/\/www.estudiotecno.com.ar\/tienda\/wp-json\/wp\/v2\/product"}],"about":[{"href":"https:\/\/www.estudiotecno.com.ar\/tienda\/wp-json\/wp\/v2\/types\/product"}],"replies":[{"embeddable":true,"href":"https:\/\/www.estudiotecno.com.ar\/tienda\/wp-json\/wp\/v2\/comments?post=3300"}],"wp:featuredmedia":[{"embeddable":true,"href":"https:\/\/www.estudiotecno.com.ar\/tienda\/wp-json\/wp\/v2\/media\/3915"}],"wp:attachment":[{"href":"https:\/\/www.estudiotecno.com.ar\/tienda\/wp-json\/wp\/v2\/media?parent=3300"}],"wp:term":[{"taxonomy":"product_cat","embeddable":true,"href":"https:\/\/www.estudiotecno.com.ar\/tienda\/wp-json\/wp\/v2\/product_cat?post=3300"},{"taxonomy":"product_tag","embeddable":true,"href":"https:\/\/www.estudiotecno.com.ar\/tienda\/wp-json\/wp\/v2\/product_tag?post=3300"}],"curies":[{"name":"wp","href":"https:\/\/api.w.org\/{rel}","templated":true}]}}