{"id":3289,"date":"2022-02-23T10:06:23","date_gmt":"2022-02-23T13:06:23","guid":{"rendered":"https:\/\/www.estudiotecno.com.ar\/tienda\/?post_type=product&#038;p=3289"},"modified":"2025-09-03T12:58:43","modified_gmt":"2025-09-03T15:58:43","slug":"extensor-de-rango-wi-fi-usb-nisuta-ns-wireu","status":"publish","type":"product","link":"https:\/\/www.estudiotecno.com.ar\/tienda\/producto\/extensor-de-rango-wi-fi-usb-nisuta-ns-wireu\/","title":{"rendered":"Extensor de rango Wi-fi USB Nisuta NS-WIREU"},"content":{"rendered":"<p>El extensor de rango inal\u00e1mbrico se conecta a su router inal\u00e1mbricamente, amplificando y extendiendo su se\u00f1al hasta lugares donde la se\u00f1al inal\u00e1mbrica del router no puede alcanzar por si sola.<br \/>\nF\u00e1cil configuraci\u00f3n por medio de su celular sin necesidad de descargar ninguna APP.<br \/>\nLa luz inteligente indicadora de se\u00f1al lo ayudar\u00e1 a encontrar la mejor ubicaci\u00f3n para colocar el extensor inal\u00e1mbrico.<br \/>\nPuede ser doblado 180\u00ba y mantenerse vertical respecto al piso para de esa manera obtener la mejor performance.<\/p>\n","protected":false},"excerpt":{"rendered":"<p>El extensor de rango inal\u00e1mbrico se conecta a su router inal\u00e1mbricamente, amplificando y extendiendo su se\u00f1al hasta lugares donde la se\u00f1al inal\u00e1mbrica del router no puede alcanzar por si sola. F\u00e1cil configuraci\u00f3n por medio de su celular sin necesidad de descargar ninguna APP. La luz inteligente indicadora de se\u00f1al lo ayudar\u00e1 a encontrar la mejor [&hellip;]<\/p>\n","protected":false},"featured_media":3917,"comment_status":"closed","ping_status":"closed","template":"","meta":{"_acf_changed":false},"product_cat":[282,283],"product_tag":[],"acf":[],"aioseo_notices":[],"jetpack_sharing_enabled":true,"_links":{"self":[{"href":"https:\/\/www.estudiotecno.com.ar\/tienda\/wp-json\/wp\/v2\/product\/3289"}],"collection":[{"href":"https:\/\/www.estudiotecno.com.ar\/tienda\/wp-json\/wp\/v2\/product"}],"about":[{"href":"https:\/\/www.estudiotecno.com.ar\/tienda\/wp-json\/wp\/v2\/types\/product"}],"replies":[{"embeddable":true,"href":"https:\/\/www.estudiotecno.com.ar\/tienda\/wp-json\/wp\/v2\/comments?post=3289"}],"wp:featuredmedia":[{"embeddable":true,"href":"https:\/\/www.estudiotecno.com.ar\/tienda\/wp-json\/wp\/v2\/media\/3917"}],"wp:attachment":[{"href":"https:\/\/www.estudiotecno.com.ar\/tienda\/wp-json\/wp\/v2\/media?parent=3289"}],"wp:term":[{"taxonomy":"product_cat","embeddable":true,"href":"https:\/\/www.estudiotecno.com.ar\/tienda\/wp-json\/wp\/v2\/product_cat?post=3289"},{"taxonomy":"product_tag","embeddable":true,"href":"https:\/\/www.estudiotecno.com.ar\/tienda\/wp-json\/wp\/v2\/product_tag?post=3289"}],"curies":[{"name":"wp","href":"https:\/\/api.w.org\/{rel}","templated":true}]}}