{"id":3287,"date":"2022-02-23T09:37:22","date_gmt":"2022-02-23T12:37:22","guid":{"rendered":"https:\/\/www.estudiotecno.com.ar\/tienda\/?post_type=product&#038;p=3287"},"modified":"2025-09-03T12:58:43","modified_gmt":"2025-09-03T15:58:43","slug":"domo-de-exterior-wifi-ezviz-cs-c8c","status":"publish","type":"product","link":"https:\/\/www.estudiotecno.com.ar\/tienda\/producto\/domo-de-exterior-wifi-ezviz-cs-c8c\/","title":{"rendered":"CS-C8C | CAMARA IP EZVIZ EXTERIOR WIFI (H8 PRO 3K)"},"content":{"rendered":"<p>CAMARA IP EZVIZ\u00a0 (H8 PRO 3K),360\u00b0, DETECCION PERSONAS Y VEHICULOS, VISION NOCTURNA A COLOR, IP 67, MICRO SD HASTA512MB<\/p>\n","protected":false},"excerpt":{"rendered":"<h3>Descripci\u00f3n<\/h3>\n<p style=\"font-weight: 400;\">CAMARA IP EZVIZ EXTERIOR\u00a0 WIFI (C8C 4MM)IP 65, 2MPX, MOVIMIENTO PANORAMICO HORIZONTAL \/ VERTICAL VISION NOCTURNA\u00a0 H265 COMPATIBLE TARJETA MICROSD HSDTS 256GB<\/p>\n<p>&nbsp;<\/p>\n<h3>Caracter\u00edsticas<\/h3>\n<p>C\u00e1mara CS-C8C WIFI, 1\/2.7\u2033 Progressive Scan CMOS lente de 4mm@ F2.0, view angle:80\u00b0 (Horizontal), 94\u00b0(Diagonal), 3D DNR WDR, Max. Resoluci\u00f3n 1920 \u00d7 1080, Smart H.265 \/ H.264, ranura para micro SD hasta 256GB, detecci\u00f3n de personas , alerta de \u00e1rea, E\/audio, IP65 12VDC.<\/p>\n<h3>Soporte<\/h3>\n<p style=\"font-weight: 400;\">1 A\u00d1OS DE GARANT\u00cdA en todos los productos EZVIZ, ofrecida por el fabricante, contra defectos de fabricaci\u00f3n y\/o vicios del material que afecten al normal funcionamiento del mismo.<\/p>\n","protected":false},"featured_media":5474,"comment_status":"closed","ping_status":"closed","template":"","meta":{"_acf_changed":false},"product_cat":[373,94],"product_tag":[],"acf":[],"aioseo_notices":[],"jetpack_sharing_enabled":true,"_links":{"self":[{"href":"https:\/\/www.estudiotecno.com.ar\/tienda\/wp-json\/wp\/v2\/product\/3287"}],"collection":[{"href":"https:\/\/www.estudiotecno.com.ar\/tienda\/wp-json\/wp\/v2\/product"}],"about":[{"href":"https:\/\/www.estudiotecno.com.ar\/tienda\/wp-json\/wp\/v2\/types\/product"}],"replies":[{"embeddable":true,"href":"https:\/\/www.estudiotecno.com.ar\/tienda\/wp-json\/wp\/v2\/comments?post=3287"}],"wp:featuredmedia":[{"embeddable":true,"href":"https:\/\/www.estudiotecno.com.ar\/tienda\/wp-json\/wp\/v2\/media\/5474"}],"wp:attachment":[{"href":"https:\/\/www.estudiotecno.com.ar\/tienda\/wp-json\/wp\/v2\/media?parent=3287"}],"wp:term":[{"taxonomy":"product_cat","embeddable":true,"href":"https:\/\/www.estudiotecno.com.ar\/tienda\/wp-json\/wp\/v2\/product_cat?post=3287"},{"taxonomy":"product_tag","embeddable":true,"href":"https:\/\/www.estudiotecno.com.ar\/tienda\/wp-json\/wp\/v2\/product_tag?post=3287"}],"curies":[{"name":"wp","href":"https:\/\/api.w.org\/{rel}","templated":true}]}}