{"id":3283,"date":"2022-02-23T08:56:11","date_gmt":"2022-02-23T11:56:11","guid":{"rendered":"https:\/\/www.estudiotecno.com.ar\/tienda\/?post_type=product&#038;p=3283"},"modified":"2025-09-03T12:58:42","modified_gmt":"2025-09-03T15:58:42","slug":"router-de-alta-potencia-de-hasta-450mbps-tp-link-tl-wr941hp","status":"publish","type":"product","link":"https:\/\/www.estudiotecno.com.ar\/tienda\/producto\/router-de-alta-potencia-de-hasta-450mbps-tp-link-tl-wr941hp\/","title":{"rendered":"Router de Alta Potencia de hasta 450Mbps Tp-link TL-WR941HP"},"content":{"rendered":"<p>Rango Superior de hasta<sup>*2<\/sup>\u00a0900m2. Con un hardware actualizado, el TL-WR941HP supera f\u00e1cilmente el rendimiento de los routers normales. La se\u00f1al que emite el TL-WR941HP permanece intensa, incluso cuando ha atravesado varios obst\u00e1culos eliminando puntos muertos. Adem\u00e1s de funcionar como un router, el TL-WR941HP tiene la capacidad para trabajar en el modo Extensor de Rango o modo Acces Point. Velocidad de 450 Mbps ideal para video en Streaming, juegos en l\u00ednea y VoIP.<\/p>\n","protected":false},"excerpt":{"rendered":"<p>Rango Superior de hasta*2\u00a0900m2. Con un hardware actualizado, el TL-WR941HP supera f\u00e1cilmente el rendimiento de los routers normales. La se\u00f1al que emite el TL-WR941HP permanece intensa, incluso cuando ha atravesado varios obst\u00e1culos eliminando puntos muertos. Adem\u00e1s de funcionar como un router, el TL-WR941HP tiene la capacidad para trabajar en el modo Extensor de Rango o [&hellip;]<\/p>\n","protected":false},"featured_media":5232,"comment_status":"closed","ping_status":"closed","template":"","meta":{"_acf_changed":false},"product_cat":[377,282,167],"product_tag":[],"acf":[],"aioseo_notices":[],"jetpack_sharing_enabled":true,"_links":{"self":[{"href":"https:\/\/www.estudiotecno.com.ar\/tienda\/wp-json\/wp\/v2\/product\/3283"}],"collection":[{"href":"https:\/\/www.estudiotecno.com.ar\/tienda\/wp-json\/wp\/v2\/product"}],"about":[{"href":"https:\/\/www.estudiotecno.com.ar\/tienda\/wp-json\/wp\/v2\/types\/product"}],"replies":[{"embeddable":true,"href":"https:\/\/www.estudiotecno.com.ar\/tienda\/wp-json\/wp\/v2\/comments?post=3283"}],"wp:featuredmedia":[{"embeddable":true,"href":"https:\/\/www.estudiotecno.com.ar\/tienda\/wp-json\/wp\/v2\/media\/5232"}],"wp:attachment":[{"href":"https:\/\/www.estudiotecno.com.ar\/tienda\/wp-json\/wp\/v2\/media?parent=3283"}],"wp:term":[{"taxonomy":"product_cat","embeddable":true,"href":"https:\/\/www.estudiotecno.com.ar\/tienda\/wp-json\/wp\/v2\/product_cat?post=3283"},{"taxonomy":"product_tag","embeddable":true,"href":"https:\/\/www.estudiotecno.com.ar\/tienda\/wp-json\/wp\/v2\/product_tag?post=3283"}],"curies":[{"name":"wp","href":"https:\/\/api.w.org\/{rel}","templated":true}]}}