{"id":3279,"date":"2022-02-23T08:44:26","date_gmt":"2022-02-23T11:44:26","guid":{"rendered":"https:\/\/www.estudiotecno.com.ar\/tienda\/?post_type=product&#038;p=3279"},"modified":"2022-03-14T12:24:07","modified_gmt":"2022-03-14T15:24:07","slug":"2-4ghz-5dbi-antena-de-escritorio-omnidireccional-para-interiores-tp-link-tl-ant2405c","status":"publish","type":"product","link":"https:\/\/www.estudiotecno.com.ar\/tienda\/producto\/2-4ghz-5dbi-antena-de-escritorio-omnidireccional-para-interiores-tp-link-tl-ant2405c\/","title":{"rendered":"2.4GHz 5dBi Antena de escritorio omnidireccional para interiores Tp-link TL-ANT2405C"},"content":{"rendered":"<p>5dBi Omnidireccional operaci\u00f3n aumenta su se\u00f1al a un rango m\u00e1s alto. Caracter\u00edsticas del cable de extensi\u00f3n de 130 cm para asegurar el despliegue flexible y un mejor rendimiento. Muy f\u00e1cil de instalar, no requiere software. Conector hembra RP-SMA, compatible con dispositivos que tengan un conector macho\u00a0RP-SMA.<\/p>\n","protected":false},"excerpt":{"rendered":"<p>5dBi Omnidireccional operaci\u00f3n aumenta su se\u00f1al a un rango m\u00e1s alto. Caracter\u00edsticas del cable de extensi\u00f3n de 130 cm para asegurar el despliegue flexible y un mejor rendimiento. Muy f\u00e1cil de instalar, no requiere software. Conector hembra RP-SMA, compatible con dispositivos que tengan un conector macho\u00a0RP-SMA.<\/p>\n","protected":false},"featured_media":3923,"comment_status":"closed","ping_status":"closed","template":"","meta":{"_acf_changed":false},"product_cat":[282,167],"product_tag":[],"acf":[],"aioseo_notices":[],"jetpack_sharing_enabled":true,"_links":{"self":[{"href":"https:\/\/www.estudiotecno.com.ar\/tienda\/wp-json\/wp\/v2\/product\/3279"}],"collection":[{"href":"https:\/\/www.estudiotecno.com.ar\/tienda\/wp-json\/wp\/v2\/product"}],"about":[{"href":"https:\/\/www.estudiotecno.com.ar\/tienda\/wp-json\/wp\/v2\/types\/product"}],"replies":[{"embeddable":true,"href":"https:\/\/www.estudiotecno.com.ar\/tienda\/wp-json\/wp\/v2\/comments?post=3279"}],"wp:featuredmedia":[{"embeddable":true,"href":"https:\/\/www.estudiotecno.com.ar\/tienda\/wp-json\/wp\/v2\/media\/3923"}],"wp:attachment":[{"href":"https:\/\/www.estudiotecno.com.ar\/tienda\/wp-json\/wp\/v2\/media?parent=3279"}],"wp:term":[{"taxonomy":"product_cat","embeddable":true,"href":"https:\/\/www.estudiotecno.com.ar\/tienda\/wp-json\/wp\/v2\/product_cat?post=3279"},{"taxonomy":"product_tag","embeddable":true,"href":"https:\/\/www.estudiotecno.com.ar\/tienda\/wp-json\/wp\/v2\/product_tag?post=3279"}],"curies":[{"name":"wp","href":"https:\/\/api.w.org\/{rel}","templated":true}]}}