{"id":3274,"date":"2022-02-23T08:25:57","date_gmt":"2022-02-23T11:25:57","guid":{"rendered":"https:\/\/www.estudiotecno.com.ar\/tienda\/?post_type=product&#038;p=3274"},"modified":"2025-09-03T12:58:40","modified_gmt":"2025-09-03T15:58:40","slug":"router-wi-fi-de-doble-banda-ac1350-tp-link-archer-c60","status":"publish","type":"product","link":"https:\/\/www.estudiotecno.com.ar\/tienda\/producto\/router-wi-fi-de-doble-banda-ac1350-tp-link-archer-c60\/","title":{"rendered":"ROUTER TP LINK ARCHER AX23 WIFI 6 AX1800"},"content":{"rendered":"<p>Obtenga Wi-Fi m\u00e1s r\u00e1pido tanto en la banda de 2,4 GHz (450 Mbps) como en la banda de 5 GHz (867 Mbps). El Wi-Fi AC avanzado desbloquea el rendimiento de todos sus dispositivos inal\u00e1mbricos. Tres antenas de 2,4 GHz y dos antenas de 5 GHz crean una cobertura Wi-Fi superior. MU-MIMO logra el doble de eficiencia al comunicarse con hasta 2 dispositivos simult\u00e1neamente. La tecnolog\u00eda Beamforming ofrece una conexi\u00f3n inal\u00e1mbrica altamente eficiente (compatible con la versi\u00f3n 2.0 y superior). Las funciones de software avanzadas, como los controles parentales y la red de invitados, proporcionan una gesti\u00f3n personalizada. La aplicaci\u00f3n Tether proporciona una f\u00e1cil configuraci\u00f3n del enrutador en la palma de su mano.<\/p>\n","protected":false},"excerpt":{"rendered":"<p>Obtenga Wi-Fi m\u00e1s r\u00e1pido tanto en la banda de 2,4 GHz (450 Mbps) como en la banda de 5 GHz (867 Mbps). El Wi-Fi AC avanzado desbloquea el rendimiento de todos sus dispositivos inal\u00e1mbricos. Tres antenas de 2,4 GHz y dos antenas de 5 GHz crean una cobertura Wi-Fi superior. MU-MIMO logra el doble de [&hellip;]<\/p>\n","protected":false},"featured_media":5361,"comment_status":"closed","ping_status":"closed","template":"","meta":{"_acf_changed":false},"product_cat":[377,282,167],"product_tag":[],"acf":[],"aioseo_notices":[],"jetpack_sharing_enabled":true,"_links":{"self":[{"href":"https:\/\/www.estudiotecno.com.ar\/tienda\/wp-json\/wp\/v2\/product\/3274"}],"collection":[{"href":"https:\/\/www.estudiotecno.com.ar\/tienda\/wp-json\/wp\/v2\/product"}],"about":[{"href":"https:\/\/www.estudiotecno.com.ar\/tienda\/wp-json\/wp\/v2\/types\/product"}],"replies":[{"embeddable":true,"href":"https:\/\/www.estudiotecno.com.ar\/tienda\/wp-json\/wp\/v2\/comments?post=3274"}],"wp:featuredmedia":[{"embeddable":true,"href":"https:\/\/www.estudiotecno.com.ar\/tienda\/wp-json\/wp\/v2\/media\/5361"}],"wp:attachment":[{"href":"https:\/\/www.estudiotecno.com.ar\/tienda\/wp-json\/wp\/v2\/media?parent=3274"}],"wp:term":[{"taxonomy":"product_cat","embeddable":true,"href":"https:\/\/www.estudiotecno.com.ar\/tienda\/wp-json\/wp\/v2\/product_cat?post=3274"},{"taxonomy":"product_tag","embeddable":true,"href":"https:\/\/www.estudiotecno.com.ar\/tienda\/wp-json\/wp\/v2\/product_tag?post=3274"}],"curies":[{"name":"wp","href":"https:\/\/api.w.org\/{rel}","templated":true}]}}