{"id":3261,"date":"2022-02-22T15:24:23","date_gmt":"2022-02-22T18:24:23","guid":{"rendered":"https:\/\/www.estudiotecno.com.ar\/tienda\/?post_type=product&#038;p=3261"},"modified":"2023-05-17T12:26:46","modified_gmt":"2023-05-17T15:26:46","slug":"teclado-remoto-inalambrico-x-28-t3w","status":"publish","type":"product","link":"https:\/\/www.estudiotecno.com.ar\/tienda\/producto\/teclado-remoto-inalambrico-x-28-t3w\/","title":{"rendered":"Teclado remoto inal\u00e1mbrico X-28 T3W"},"content":{"rendered":"<p>El teclado remoto inal\u00e1mbrico modelo T3W se utiliza en los casos en que<br \/>\nresulta necesario o conveniente contar con la posibilidad de disparar el<br \/>\nsistema por P\u00c1NICO, INCENDIO o EMERGENCIA M\u00c9DICA desde un lugar<br \/>\nalejado del o los teclados ubicados en lugares fijos de la instalaci\u00f3n y de<br \/>\ndif\u00edcil acometida del cableado, como por ejemplo en un local comercial en<br \/>\nla mesa de entradas o en la vigilancia.<\/p>\n<p>&#8211; Teclado de 3 teclas inal\u00e1mbrico<br \/>\n&#8211; Gabinete extra chato<br \/>\n&#8211; Alimentaci\u00f3n mediante bater\u00eda CR 2032<br \/>\n&#8211; Muy bajo consumo<\/p>\n","protected":false},"excerpt":{"rendered":"<p>El teclado remoto inal\u00e1mbrico modelo T3W se utiliza en los casos en que resulta necesario o conveniente contar con la posibilidad de disparar el sistema por P\u00c1NICO, INCENDIO o EMERGENCIA M\u00c9DICA desde un lugar alejado del o los teclados ubicados en lugares fijos de la instalaci\u00f3n y de dif\u00edcil acometida del cableado, como por ejemplo [&hellip;]<\/p>\n","protected":false},"featured_media":5305,"comment_status":"closed","ping_status":"closed","template":"","meta":{"_acf_changed":false},"product_cat":[313,94,252],"product_tag":[],"acf":[],"aioseo_notices":[],"jetpack_sharing_enabled":true,"_links":{"self":[{"href":"https:\/\/www.estudiotecno.com.ar\/tienda\/wp-json\/wp\/v2\/product\/3261"}],"collection":[{"href":"https:\/\/www.estudiotecno.com.ar\/tienda\/wp-json\/wp\/v2\/product"}],"about":[{"href":"https:\/\/www.estudiotecno.com.ar\/tienda\/wp-json\/wp\/v2\/types\/product"}],"replies":[{"embeddable":true,"href":"https:\/\/www.estudiotecno.com.ar\/tienda\/wp-json\/wp\/v2\/comments?post=3261"}],"wp:featuredmedia":[{"embeddable":true,"href":"https:\/\/www.estudiotecno.com.ar\/tienda\/wp-json\/wp\/v2\/media\/5305"}],"wp:attachment":[{"href":"https:\/\/www.estudiotecno.com.ar\/tienda\/wp-json\/wp\/v2\/media?parent=3261"}],"wp:term":[{"taxonomy":"product_cat","embeddable":true,"href":"https:\/\/www.estudiotecno.com.ar\/tienda\/wp-json\/wp\/v2\/product_cat?post=3261"},{"taxonomy":"product_tag","embeddable":true,"href":"https:\/\/www.estudiotecno.com.ar\/tienda\/wp-json\/wp\/v2\/product_tag?post=3261"}],"curies":[{"name":"wp","href":"https:\/\/api.w.org\/{rel}","templated":true}]}}