{"id":3258,"date":"2022-02-22T15:06:17","date_gmt":"2022-02-22T18:06:17","guid":{"rendered":"https:\/\/www.estudiotecno.com.ar\/tienda\/?post_type=product&#038;p=3258"},"modified":"2025-09-03T12:58:32","modified_gmt":"2025-09-03T15:58:32","slug":"sensor-de-movimiento-x-28-md96rl-mpxh","status":"publish","type":"product","link":"https:\/\/www.estudiotecno.com.ar\/tienda\/producto\/sensor-de-movimiento-x-28-md96rl-mpxh\/","title":{"rendered":"Sensor de movimiento X-28 MD 96RL-MPXH"},"content":{"rendered":"<p>Luz de emergencia incorporada<br \/>\nProcesador digital de se\u00f1ales (DMA)<br \/>\nCompensaci\u00f3n t\u00e9rmica inteligente<br \/>\nContador de pulsos programable de 1 a 9<br \/>\nMemoria independiente<br \/>\nMuy alta inmunidad a RF<br \/>\nAjuste de ganancia programable<br \/>\nCobertura 15&#215;15 metros<br \/>\nZona cero<br \/>\nBase para montaje tipo r\u00f3tula<\/p>\n","protected":false},"excerpt":{"rendered":"<p>Luz de emergencia incorporada Procesador digital de se\u00f1ales (DMA) Compensaci\u00f3n t\u00e9rmica inteligente Contador de pulsos programable de 1 a 9 Memoria independiente Muy alta inmunidad a RF Ajuste de ganancia programable Cobertura 15&#215;15 metros Zona cero Base para montaje tipo r\u00f3tula<\/p>\n","protected":false},"featured_media":5309,"comment_status":"closed","ping_status":"closed","template":"","meta":{"_acf_changed":false},"product_cat":[313,94,252],"product_tag":[],"acf":[],"aioseo_notices":[],"jetpack_sharing_enabled":true,"_links":{"self":[{"href":"https:\/\/www.estudiotecno.com.ar\/tienda\/wp-json\/wp\/v2\/product\/3258"}],"collection":[{"href":"https:\/\/www.estudiotecno.com.ar\/tienda\/wp-json\/wp\/v2\/product"}],"about":[{"href":"https:\/\/www.estudiotecno.com.ar\/tienda\/wp-json\/wp\/v2\/types\/product"}],"replies":[{"embeddable":true,"href":"https:\/\/www.estudiotecno.com.ar\/tienda\/wp-json\/wp\/v2\/comments?post=3258"}],"wp:featuredmedia":[{"embeddable":true,"href":"https:\/\/www.estudiotecno.com.ar\/tienda\/wp-json\/wp\/v2\/media\/5309"}],"wp:attachment":[{"href":"https:\/\/www.estudiotecno.com.ar\/tienda\/wp-json\/wp\/v2\/media?parent=3258"}],"wp:term":[{"taxonomy":"product_cat","embeddable":true,"href":"https:\/\/www.estudiotecno.com.ar\/tienda\/wp-json\/wp\/v2\/product_cat?post=3258"},{"taxonomy":"product_tag","embeddable":true,"href":"https:\/\/www.estudiotecno.com.ar\/tienda\/wp-json\/wp\/v2\/product_tag?post=3258"}],"curies":[{"name":"wp","href":"https:\/\/api.w.org\/{rel}","templated":true}]}}