{"id":3251,"date":"2022-02-22T14:36:32","date_gmt":"2022-02-22T17:36:32","guid":{"rendered":"https:\/\/www.estudiotecno.com.ar\/tienda\/?post_type=product&#038;p=3251"},"modified":"2025-09-03T12:58:27","modified_gmt":"2025-09-03T15:58:27","slug":"central-de-alarma-x-28-alarmas-n8-mpxh","status":"publish","type":"product","link":"https:\/\/www.estudiotecno.com.ar\/tienda\/producto\/central-de-alarma-x-28-alarmas-n8-mpxh\/","title":{"rendered":"Central de alarma (8 zonas) X-28 N8-MPXH"},"content":{"rendered":"<p>Central 8 zonas ampliable a 64 (8 particiones de 8 zonas). Incluye z\u00f3calos para m\u00f3dulos plug In de particiones, de RF y de equipos de comunicaci\u00f3n. Multic\u00f3digo desde 30 a 240 usuarios. Registrador de eventos desde 512 y hasta 4096 eventos. Zonas de 24 horas. Salidas programables.<\/p>\n","protected":false},"excerpt":{"rendered":"<p>Central 8 zonas ampliable a 64 (8 particiones de 8 zonas). Incluye z\u00f3calos para m\u00f3dulos plug In de particiones, de RF y de equipos de comunicaci\u00f3n. Multic\u00f3digo desde 30 a 240 usuarios. Registrador de eventos desde 512 y hasta 4096 eventos. Zonas de 24 horas. Salidas programables.<\/p>\n","protected":false},"featured_media":5299,"comment_status":"closed","ping_status":"closed","template":"","meta":{"_acf_changed":false},"product_cat":[313,94,252],"product_tag":[],"acf":[],"aioseo_notices":[],"jetpack_sharing_enabled":true,"_links":{"self":[{"href":"https:\/\/www.estudiotecno.com.ar\/tienda\/wp-json\/wp\/v2\/product\/3251"}],"collection":[{"href":"https:\/\/www.estudiotecno.com.ar\/tienda\/wp-json\/wp\/v2\/product"}],"about":[{"href":"https:\/\/www.estudiotecno.com.ar\/tienda\/wp-json\/wp\/v2\/types\/product"}],"replies":[{"embeddable":true,"href":"https:\/\/www.estudiotecno.com.ar\/tienda\/wp-json\/wp\/v2\/comments?post=3251"}],"wp:featuredmedia":[{"embeddable":true,"href":"https:\/\/www.estudiotecno.com.ar\/tienda\/wp-json\/wp\/v2\/media\/5299"}],"wp:attachment":[{"href":"https:\/\/www.estudiotecno.com.ar\/tienda\/wp-json\/wp\/v2\/media?parent=3251"}],"wp:term":[{"taxonomy":"product_cat","embeddable":true,"href":"https:\/\/www.estudiotecno.com.ar\/tienda\/wp-json\/wp\/v2\/product_cat?post=3251"},{"taxonomy":"product_tag","embeddable":true,"href":"https:\/\/www.estudiotecno.com.ar\/tienda\/wp-json\/wp\/v2\/product_tag?post=3251"}],"curies":[{"name":"wp","href":"https:\/\/api.w.org\/{rel}","templated":true}]}}