{"id":3245,"date":"2022-02-22T14:10:05","date_gmt":"2022-02-22T17:10:05","guid":{"rendered":"https:\/\/www.estudiotecno.com.ar\/tienda\/?post_type=product&#038;p=3245"},"modified":"2023-05-17T12:34:14","modified_gmt":"2023-05-17T15:34:14","slug":"sensor-magnetico-smagb-mphx","status":"publish","type":"product","link":"https:\/\/www.estudiotecno.com.ar\/tienda\/producto\/sensor-magnetico-smagb-mphx\/","title":{"rendered":"Sensor magn\u00e9tico X-28 SMAGB-MPHX"},"content":{"rendered":"<p>&#8211; Sensor magn\u00e9tico programable<br \/>\n&#8211; Compatible con toda la l\u00ednea MPX y MPXH<br \/>\n&#8211; Para instalaci\u00f3n en aperturas (puertas y ventanas principalmente)<br \/>\n&#8211; Autoadhesivo<br \/>\n&#8211; Electr\u00f3nica incorporada<br \/>\n&#8211; Color blanco<br \/>\n&#8211; Memoria independiente<br \/>\n&#8211; Muy bajo consumo<br \/>\n&#8211; Programaci\u00f3n Soft<br \/>\n&#8211; Particionable<\/p>\n","protected":false},"excerpt":{"rendered":"<p>&#8211; Sensor magn\u00e9tico programable &#8211; Compatible con toda la l\u00ednea MPX y MPXH &#8211; Para instalaci\u00f3n en aperturas (puertas y ventanas principalmente) &#8211; Autoadhesivo &#8211; Electr\u00f3nica incorporada &#8211; Color blanco &#8211; Memoria independiente &#8211; Muy bajo consumo &#8211; Programaci\u00f3n Soft &#8211; Particionable<\/p>\n","protected":false},"featured_media":5319,"comment_status":"closed","ping_status":"closed","template":"","meta":{"_acf_changed":false},"product_cat":[313,94,252],"product_tag":[],"acf":[],"aioseo_notices":[],"jetpack_sharing_enabled":true,"_links":{"self":[{"href":"https:\/\/www.estudiotecno.com.ar\/tienda\/wp-json\/wp\/v2\/product\/3245"}],"collection":[{"href":"https:\/\/www.estudiotecno.com.ar\/tienda\/wp-json\/wp\/v2\/product"}],"about":[{"href":"https:\/\/www.estudiotecno.com.ar\/tienda\/wp-json\/wp\/v2\/types\/product"}],"replies":[{"embeddable":true,"href":"https:\/\/www.estudiotecno.com.ar\/tienda\/wp-json\/wp\/v2\/comments?post=3245"}],"wp:featuredmedia":[{"embeddable":true,"href":"https:\/\/www.estudiotecno.com.ar\/tienda\/wp-json\/wp\/v2\/media\/5319"}],"wp:attachment":[{"href":"https:\/\/www.estudiotecno.com.ar\/tienda\/wp-json\/wp\/v2\/media?parent=3245"}],"wp:term":[{"taxonomy":"product_cat","embeddable":true,"href":"https:\/\/www.estudiotecno.com.ar\/tienda\/wp-json\/wp\/v2\/product_cat?post=3245"},{"taxonomy":"product_tag","embeddable":true,"href":"https:\/\/www.estudiotecno.com.ar\/tienda\/wp-json\/wp\/v2\/product_tag?post=3245"}],"curies":[{"name":"wp","href":"https:\/\/api.w.org\/{rel}","templated":true}]}}