{"id":3236,"date":"2022-02-22T11:43:19","date_gmt":"2022-02-22T14:43:19","guid":{"rendered":"https:\/\/www.estudiotecno.com.ar\/tienda\/?post_type=product&#038;p=3236"},"modified":"2025-09-03T12:58:24","modified_gmt":"2025-09-03T15:58:24","slug":"sensor-x28-alarmas-mvd-96rl-mpxh","status":"publish","type":"product","link":"https:\/\/www.estudiotecno.com.ar\/tienda\/producto\/sensor-x28-alarmas-mvd-96rl-mpxh\/","title":{"rendered":"Sensor X-28 MVD 96RL-MPXH"},"content":{"rendered":"<p>Detector de doble tecnolog\u00eda. Detector infrarrojo y detector de rotura de vidrios, con discriminador de sonidos y luz de emergencia incorporada. Procesador digital de se\u00f1ales (DMA II). Compensaci\u00f3n t\u00e9rmica inteligente. Contador de pulsos programable de 1 a 9. Memoria independiente. Funcionamiento en combinaci\u00f3n entre dos o m\u00e1s detectores. Muy alta inmunidad a RF. Ajuste de ganancia programable. Cobertura 15&#215;15 metros. Zona cero. \u00c1rea de cobertura de 10 metros de radio. Programaci\u00f3n Soft. Prestaciones avanzadas. Base para montaje tipo r\u00f3tula. Antidesarme (tamper).<\/p>\n","protected":false},"excerpt":{"rendered":"<p>Detector de doble tecnolog\u00eda. Detector infrarrojo y detector de rotura de vidrios, con discriminador de sonidos y luz de emergencia incorporada. Procesador digital de se\u00f1ales (DMA II). Compensaci\u00f3n t\u00e9rmica inteligente. Contador de pulsos programable de 1 a 9. Memoria independiente. Funcionamiento en combinaci\u00f3n entre dos o m\u00e1s detectores. Muy alta inmunidad a RF. Ajuste de [&hellip;]<\/p>\n","protected":false},"featured_media":5311,"comment_status":"closed","ping_status":"closed","template":"","meta":{"_acf_changed":false},"product_cat":[313,94,252],"product_tag":[],"acf":[],"aioseo_notices":[],"jetpack_sharing_enabled":true,"_links":{"self":[{"href":"https:\/\/www.estudiotecno.com.ar\/tienda\/wp-json\/wp\/v2\/product\/3236"}],"collection":[{"href":"https:\/\/www.estudiotecno.com.ar\/tienda\/wp-json\/wp\/v2\/product"}],"about":[{"href":"https:\/\/www.estudiotecno.com.ar\/tienda\/wp-json\/wp\/v2\/types\/product"}],"replies":[{"embeddable":true,"href":"https:\/\/www.estudiotecno.com.ar\/tienda\/wp-json\/wp\/v2\/comments?post=3236"}],"wp:featuredmedia":[{"embeddable":true,"href":"https:\/\/www.estudiotecno.com.ar\/tienda\/wp-json\/wp\/v2\/media\/5311"}],"wp:attachment":[{"href":"https:\/\/www.estudiotecno.com.ar\/tienda\/wp-json\/wp\/v2\/media?parent=3236"}],"wp:term":[{"taxonomy":"product_cat","embeddable":true,"href":"https:\/\/www.estudiotecno.com.ar\/tienda\/wp-json\/wp\/v2\/product_cat?post=3236"},{"taxonomy":"product_tag","embeddable":true,"href":"https:\/\/www.estudiotecno.com.ar\/tienda\/wp-json\/wp\/v2\/product_tag?post=3236"}],"curies":[{"name":"wp","href":"https:\/\/api.w.org\/{rel}","templated":true}]}}