{"id":3232,"date":"2022-02-22T11:29:24","date_gmt":"2022-02-22T14:29:24","guid":{"rendered":"https:\/\/www.estudiotecno.com.ar\/tienda\/?post_type=product&#038;p=3232"},"modified":"2022-07-27T17:37:14","modified_gmt":"2022-07-27T20:37:14","slug":"cerradura-electromagnetica-pronext-security-acc-180zl","status":"publish","type":"product","link":"https:\/\/www.estudiotecno.com.ar\/tienda\/producto\/cerradura-electromagnetica-pronext-security-acc-180zl\/","title":{"rendered":"Cerradura electromagn\u00e9tica ACC-180ZL"},"content":{"rendered":"<p>Accesorio para instalaci\u00f3n de cerraduras electromagn\u00e9ticas EM180 sobre el marco de una puerta. Incluye tornillos, llave allen y manual de instrucciones para llevar a cabo la instalaci\u00f3n. Compatible con: EM180<\/p>\n<p>&nbsp;<\/p>\n","protected":false},"excerpt":{"rendered":"<p>Accesorio para instalaci\u00f3n de cerraduras electromagn\u00e9ticas EM180 sobre el marco de una puerta. Incluye tornillos, llave allen y manual de instrucciones para llevar a cabo la instalaci\u00f3n. Compatible con: EM180 &nbsp;<\/p>\n","protected":false},"featured_media":3928,"comment_status":"closed","ping_status":"closed","template":"","meta":{"_acf_changed":false},"product_cat":[299],"product_tag":[],"acf":[],"aioseo_notices":[],"jetpack_sharing_enabled":true,"_links":{"self":[{"href":"https:\/\/www.estudiotecno.com.ar\/tienda\/wp-json\/wp\/v2\/product\/3232"}],"collection":[{"href":"https:\/\/www.estudiotecno.com.ar\/tienda\/wp-json\/wp\/v2\/product"}],"about":[{"href":"https:\/\/www.estudiotecno.com.ar\/tienda\/wp-json\/wp\/v2\/types\/product"}],"replies":[{"embeddable":true,"href":"https:\/\/www.estudiotecno.com.ar\/tienda\/wp-json\/wp\/v2\/comments?post=3232"}],"wp:featuredmedia":[{"embeddable":true,"href":"https:\/\/www.estudiotecno.com.ar\/tienda\/wp-json\/wp\/v2\/media\/3928"}],"wp:attachment":[{"href":"https:\/\/www.estudiotecno.com.ar\/tienda\/wp-json\/wp\/v2\/media?parent=3232"}],"wp:term":[{"taxonomy":"product_cat","embeddable":true,"href":"https:\/\/www.estudiotecno.com.ar\/tienda\/wp-json\/wp\/v2\/product_cat?post=3232"},{"taxonomy":"product_tag","embeddable":true,"href":"https:\/\/www.estudiotecno.com.ar\/tienda\/wp-json\/wp\/v2\/product_tag?post=3232"}],"curies":[{"name":"wp","href":"https:\/\/api.w.org\/{rel}","templated":true}]}}