{"id":3230,"date":"2022-02-22T11:19:55","date_gmt":"2022-02-22T14:19:55","guid":{"rendered":"https:\/\/www.estudiotecno.com.ar\/tienda\/?post_type=product&#038;p=3230"},"modified":"2022-03-14T16:23:20","modified_gmt":"2022-03-14T19:23:20","slug":"teclado-remoto-cem-ca-17","status":"publish","type":"product","link":"https:\/\/www.estudiotecno.com.ar\/tienda\/producto\/teclado-remoto-cem-ca-17\/","title":{"rendered":"Teclado Remoto CEM CA-17"},"content":{"rendered":"<p>Una Clave Principal, 29 Claves Normales y 29 Claves Auxiliares.<br \/>\nUna Salida a Rel\u00e9 y una Salida y Auxiliar (Transistor a colector abierto).<br \/>\nMemoria no vol\u00e1til.<br \/>\nTeclado con iluminaci\u00f3n posterior de apagado autom\u00e1tico a los 25 seg. de inactividad.<br \/>\nBuzzer de confirmaci\u00f3n de tecla pulsada, error, etc.<br \/>\nFuncionamiento en modo Control Acceso o Activaci\u00f3n\/desactivaci\u00f3n con clave de asalto.<br \/>\nFuncionamiento independiente de las dos salidas en modo Biestable o Pulso<br \/>\nTiempo de pulsos programable<\/p>\n<p>Alimentaci\u00f3n: 11\/14 Vcc.<br \/>\nConsumo (iluminaci\u00f3n teclado encendida): 47 mA.<br \/>\nConsumo (en reposo): 17 mA.<br \/>\nSalida Rel\u00e9: 1 Inv. 2 Amp.<br \/>\nSalida Auxiliar: Transistor Colector Abierto, m\u00e1ximo 100 mAmp.<\/p>\n","protected":false},"excerpt":{"rendered":"<p>Una Clave Principal, 29 Claves Normales y 29 Claves Auxiliares. Una Salida a Rel\u00e9 y una Salida y Auxiliar (Transistor a colector abierto). Memoria no vol\u00e1til. Teclado con iluminaci\u00f3n posterior de apagado autom\u00e1tico a los 25 seg. de inactividad. Buzzer de confirmaci\u00f3n de tecla pulsada, error, etc. Funcionamiento en modo Control Acceso o Activaci\u00f3n\/desactivaci\u00f3n con [&hellip;]<\/p>\n","protected":false},"featured_media":3927,"comment_status":"closed","ping_status":"closed","template":"","meta":{"_acf_changed":false},"product_cat":[299],"product_tag":[],"acf":[],"aioseo_notices":[],"jetpack_sharing_enabled":true,"_links":{"self":[{"href":"https:\/\/www.estudiotecno.com.ar\/tienda\/wp-json\/wp\/v2\/product\/3230"}],"collection":[{"href":"https:\/\/www.estudiotecno.com.ar\/tienda\/wp-json\/wp\/v2\/product"}],"about":[{"href":"https:\/\/www.estudiotecno.com.ar\/tienda\/wp-json\/wp\/v2\/types\/product"}],"replies":[{"embeddable":true,"href":"https:\/\/www.estudiotecno.com.ar\/tienda\/wp-json\/wp\/v2\/comments?post=3230"}],"wp:featuredmedia":[{"embeddable":true,"href":"https:\/\/www.estudiotecno.com.ar\/tienda\/wp-json\/wp\/v2\/media\/3927"}],"wp:attachment":[{"href":"https:\/\/www.estudiotecno.com.ar\/tienda\/wp-json\/wp\/v2\/media?parent=3230"}],"wp:term":[{"taxonomy":"product_cat","embeddable":true,"href":"https:\/\/www.estudiotecno.com.ar\/tienda\/wp-json\/wp\/v2\/product_cat?post=3230"},{"taxonomy":"product_tag","embeddable":true,"href":"https:\/\/www.estudiotecno.com.ar\/tienda\/wp-json\/wp\/v2\/product_tag?post=3230"}],"curies":[{"name":"wp","href":"https:\/\/api.w.org\/{rel}","templated":true}]}}