{"id":3228,"date":"2022-02-22T11:15:33","date_gmt":"2022-02-22T14:15:33","guid":{"rendered":"https:\/\/www.estudiotecno.com.ar\/tienda\/?post_type=product&#038;p=3228"},"modified":"2022-03-14T16:21:56","modified_gmt":"2022-03-14T19:21:56","slug":"modulo-modem-telefonico-cem-xa-19","status":"publish","type":"product","link":"https:\/\/www.estudiotecno.com.ar\/tienda\/producto\/modulo-modem-telefonico-cem-xa-19\/","title":{"rendered":"M\u00f3dulo M\u00f3dem Telef\u00f3nico CEM XA-19"},"content":{"rendered":"<p>Transmisi\u00f3n de eventos de alarma\/restauraci\u00f3n por zona, apertura\/cierre por usuario, anulaci\u00f3n de zonas, estatus del equipo. Reporte de test peri\u00f3dico programable y manual.\u00a0Formatos de comunicaci\u00f3n: Contact ID, Ademco Express y por Pulsos con o sin checksum.\u00a0Dos n\u00fameros de tel\u00e9fono para comunicaci\u00f3n a Central de Monitoreo o como discador telef\u00f3nico a n\u00fameros particulares (emite sirena de aviso ).\u00a0C\u00f3digos de eventos autom\u00e1ticos\u00a0 (Contact ID) o editables\u00a0 (4+2), todos ellos con la posibilidad de ser habilitados o no.\u00a0Discado por Tonos o Pulsos.\u00a0Detecci\u00f3n de falta de l\u00ednea autom\u00e1tica.\u00a0Detecci\u00f3n de falla al intentar la comunicaci\u00f3n.\u00a0Detecci\u00f3n y bloqueo temporal de eventos repetitivos.\u00a0Capacidad de ser programado a distancia por PC con el Soft XA-Remoto.\u00a0Clave especial, distinta a la del instalador, para programaci\u00f3n remota.<\/p>\n","protected":false},"excerpt":{"rendered":"<p>Transmisi\u00f3n de eventos de alarma\/restauraci\u00f3n por zona, apertura\/cierre por usuario, anulaci\u00f3n de zonas, estatus del equipo. Reporte de test peri\u00f3dico programable y manual.\u00a0Formatos de comunicaci\u00f3n: Contact ID, Ademco Express y por Pulsos con o sin checksum.\u00a0Dos n\u00fameros de tel\u00e9fono para comunicaci\u00f3n a Central de Monitoreo o como discador telef\u00f3nico a n\u00fameros particulares (emite sirena de [&hellip;]<\/p>\n","protected":false},"featured_media":3926,"comment_status":"closed","ping_status":"closed","template":"","meta":{"_acf_changed":false},"product_cat":[299],"product_tag":[],"acf":[],"aioseo_notices":[],"jetpack_sharing_enabled":true,"_links":{"self":[{"href":"https:\/\/www.estudiotecno.com.ar\/tienda\/wp-json\/wp\/v2\/product\/3228"}],"collection":[{"href":"https:\/\/www.estudiotecno.com.ar\/tienda\/wp-json\/wp\/v2\/product"}],"about":[{"href":"https:\/\/www.estudiotecno.com.ar\/tienda\/wp-json\/wp\/v2\/types\/product"}],"replies":[{"embeddable":true,"href":"https:\/\/www.estudiotecno.com.ar\/tienda\/wp-json\/wp\/v2\/comments?post=3228"}],"wp:featuredmedia":[{"embeddable":true,"href":"https:\/\/www.estudiotecno.com.ar\/tienda\/wp-json\/wp\/v2\/media\/3926"}],"wp:attachment":[{"href":"https:\/\/www.estudiotecno.com.ar\/tienda\/wp-json\/wp\/v2\/media?parent=3228"}],"wp:term":[{"taxonomy":"product_cat","embeddable":true,"href":"https:\/\/www.estudiotecno.com.ar\/tienda\/wp-json\/wp\/v2\/product_cat?post=3228"},{"taxonomy":"product_tag","embeddable":true,"href":"https:\/\/www.estudiotecno.com.ar\/tienda\/wp-json\/wp\/v2\/product_tag?post=3228"}],"curies":[{"name":"wp","href":"https:\/\/api.w.org\/{rel}","templated":true}]}}