{"id":3224,"date":"2022-02-22T10:58:47","date_gmt":"2022-02-22T13:58:47","guid":{"rendered":"https:\/\/www.estudiotecno.com.ar\/tienda\/?post_type=product&#038;p=3224"},"modified":"2022-07-27T12:16:22","modified_gmt":"2022-07-27T15:16:22","slug":"mini-domo-ptz-hikvision-ds-2de2a404iw-de3","status":"publish","type":"product","link":"https:\/\/www.estudiotecno.com.ar\/tienda\/producto\/mini-domo-ptz-hikvision-ds-2de2a404iw-de3\/","title":{"rendered":"DS-2DE2A404IW-DE3 &#8211; Mini Domo PTZ Hikvision"},"content":{"rendered":"<p>\u2013 Im\u00e1genes de alta calidad con resoluci\u00f3n de 4 MP<br \/>\n\u2013 Excelente rendimiento con poca luz a trav\u00e9s de la tecnolog\u00eda con tecnolog\u00eda DarkFighter<br \/>\n\u2013 Im\u00e1genes n\u00edtidas contra una fuerte iluminaci\u00f3n de fondo gracias a la tecnolog\u00eda WDR de 120 dB<br \/>\n\u2013 La capacidad de giro e inclinaci\u00f3n permite que la c\u00e1mara controle las zonas de inter\u00e9s<br \/>\n\u2013 El zoom \u00f3ptico de 4x permite una visualizaci\u00f3n m\u00e1s cercana de sujetos en \u00e1reas extensas<br \/>\n\u2013 El rango de infrarrojos de hasta 20 m garantiza la seguridad durante la noche.<\/p>\n","protected":false},"excerpt":{"rendered":"<p>\u2013 Im\u00e1genes de alta calidad con resoluci\u00f3n de 4 MP \u2013 Excelente rendimiento con poca luz a trav\u00e9s de la tecnolog\u00eda con tecnolog\u00eda DarkFighter \u2013 Im\u00e1genes n\u00edtidas contra una fuerte iluminaci\u00f3n de fondo gracias a la tecnolog\u00eda WDR de 120 dB \u2013 La capacidad de giro e inclinaci\u00f3n permite que la c\u00e1mara controle las zonas [&hellip;]<\/p>\n","protected":false},"featured_media":3714,"comment_status":"closed","ping_status":"closed","template":"","meta":{"_acf_changed":false},"product_cat":[299],"product_tag":[],"acf":[],"aioseo_notices":[],"jetpack_sharing_enabled":true,"_links":{"self":[{"href":"https:\/\/www.estudiotecno.com.ar\/tienda\/wp-json\/wp\/v2\/product\/3224"}],"collection":[{"href":"https:\/\/www.estudiotecno.com.ar\/tienda\/wp-json\/wp\/v2\/product"}],"about":[{"href":"https:\/\/www.estudiotecno.com.ar\/tienda\/wp-json\/wp\/v2\/types\/product"}],"replies":[{"embeddable":true,"href":"https:\/\/www.estudiotecno.com.ar\/tienda\/wp-json\/wp\/v2\/comments?post=3224"}],"wp:featuredmedia":[{"embeddable":true,"href":"https:\/\/www.estudiotecno.com.ar\/tienda\/wp-json\/wp\/v2\/media\/3714"}],"wp:attachment":[{"href":"https:\/\/www.estudiotecno.com.ar\/tienda\/wp-json\/wp\/v2\/media?parent=3224"}],"wp:term":[{"taxonomy":"product_cat","embeddable":true,"href":"https:\/\/www.estudiotecno.com.ar\/tienda\/wp-json\/wp\/v2\/product_cat?post=3224"},{"taxonomy":"product_tag","embeddable":true,"href":"https:\/\/www.estudiotecno.com.ar\/tienda\/wp-json\/wp\/v2\/product_tag?post=3224"}],"curies":[{"name":"wp","href":"https:\/\/api.w.org\/{rel}","templated":true}]}}