{"id":3221,"date":"2022-02-22T10:50:38","date_gmt":"2022-02-22T13:50:38","guid":{"rendered":"https:\/\/www.estudiotecno.com.ar\/tienda\/?post_type=product&#038;p=3221"},"modified":"2022-07-11T16:37:31","modified_gmt":"2022-07-11T19:37:31","slug":"mini-domo-hikvision-ds-2cs54a1p-irl","status":"publish","type":"product","link":"https:\/\/www.estudiotecno.com.ar\/tienda\/producto\/mini-domo-hikvision-ds-2cs54a1p-irl\/","title":{"rendered":"DS-2CS54A1P-IRL &#8211; Mini Domo Hikvision"},"content":{"rendered":"<pre id=\"tw-target-text\" class=\"tw-data-text tw-text-large tw-ta\" dir=\"ltr\" data-placeholder=\"Traducci\u00f3n\"><span class=\"Y2IQFc\" lang=\"es\">Dise\u00f1o compacto con sensor de DIS\r\nBalance de blancos autom\u00e1tico, control de ganancia autom\u00e1tico y control de obturador electr\u00f3nico\r\nmen\u00fa OSD\r\nFiltro de corte IR con interruptor autom\u00e1tico\r\nMicr\u00f3fono incorporado\r\nSincronizaci\u00f3n Interna\r\nEl posicionamiento de 3 ejes (panor\u00e1mica\/inclinaci\u00f3n\/rotaci\u00f3n) permite el ajuste para una posici\u00f3n y \u00e1ngulos de vigilancia \u00f3ptimos\r\nProtecci\u00f3n contra impactos: prueba IEC60068-2-75, Eh, 50J; EN50102, hasta IK0<\/span><\/pre>\n","protected":false},"excerpt":{"rendered":"<p>Dise\u00f1o compacto con sensor de DIS Balance de blancos autom\u00e1tico, control de ganancia autom\u00e1tico y control de obturador electr\u00f3nico men\u00fa OSD Filtro de corte IR con interruptor autom\u00e1tico Micr\u00f3fono incorporado Sincronizaci\u00f3n Interna El posicionamiento de 3 ejes (panor\u00e1mica\/inclinaci\u00f3n\/rotaci\u00f3n) permite el ajuste para una posici\u00f3n y \u00e1ngulos de vigilancia \u00f3ptimos Protecci\u00f3n contra impactos: prueba IEC60068-2-75, Eh, [&hellip;]<\/p>\n","protected":false},"featured_media":3715,"comment_status":"closed","ping_status":"closed","template":"","meta":{"_acf_changed":false},"product_cat":[299],"product_tag":[],"acf":[],"aioseo_notices":[],"jetpack_sharing_enabled":true,"_links":{"self":[{"href":"https:\/\/www.estudiotecno.com.ar\/tienda\/wp-json\/wp\/v2\/product\/3221"}],"collection":[{"href":"https:\/\/www.estudiotecno.com.ar\/tienda\/wp-json\/wp\/v2\/product"}],"about":[{"href":"https:\/\/www.estudiotecno.com.ar\/tienda\/wp-json\/wp\/v2\/types\/product"}],"replies":[{"embeddable":true,"href":"https:\/\/www.estudiotecno.com.ar\/tienda\/wp-json\/wp\/v2\/comments?post=3221"}],"wp:featuredmedia":[{"embeddable":true,"href":"https:\/\/www.estudiotecno.com.ar\/tienda\/wp-json\/wp\/v2\/media\/3715"}],"wp:attachment":[{"href":"https:\/\/www.estudiotecno.com.ar\/tienda\/wp-json\/wp\/v2\/media?parent=3221"}],"wp:term":[{"taxonomy":"product_cat","embeddable":true,"href":"https:\/\/www.estudiotecno.com.ar\/tienda\/wp-json\/wp\/v2\/product_cat?post=3221"},{"taxonomy":"product_tag","embeddable":true,"href":"https:\/\/www.estudiotecno.com.ar\/tienda\/wp-json\/wp\/v2\/product_tag?post=3221"}],"curies":[{"name":"wp","href":"https:\/\/api.w.org\/{rel}","templated":true}]}}