{"id":3219,"date":"2022-02-22T10:32:21","date_gmt":"2022-02-22T13:32:21","guid":{"rendered":"https:\/\/www.estudiotecno.com.ar\/tienda\/?post_type=product&#038;p=3219"},"modified":"2022-09-28T18:50:46","modified_gmt":"2022-09-28T21:50:46","slug":"camara-web-hikvision-ds-uo2","status":"publish","type":"product","link":"https:\/\/www.estudiotecno.com.ar\/tienda\/producto\/camara-web-hikvision-ds-uo2\/","title":{"rendered":"DS-U02 &#8211; Webcam C\u00e1mara Hikvision"},"content":{"rendered":"<pre id=\"tw-target-text\" class=\"tw-data-text tw-text-large tw-ta\" dir=\"ltr\" data-placeholder=\"Traducci\u00f3n\"><span class=\"Y2IQFc\" lang=\"es\">CMOS de 2 megap\u00edxeles\nIm\u00e1genes de alta calidad con resoluci\u00f3n de 1920 \u00d7 1080\nm\u00edn. iluminaci\u00f3n: 0.1 Lux @ (F1.2, AGC ENCENDIDO)\nAGC para brillo autoadaptativo\nMicr\u00f3fono incorporado con sonido claro\nInterfaz tipo A, compatible con el protocolo USB 2.0. Plug-and-play, no es necesario instalar software de controlador<\/span><\/pre>\n","protected":false},"excerpt":{"rendered":"<p>CMOS de 2 megap\u00edxeles Im\u00e1genes de alta calidad con resoluci\u00f3n de 1920 \u00d7 1080 m\u00edn. iluminaci\u00f3n: 0.1 Lux @ (F1.2, AGC ENCENDIDO) AGC para brillo autoadaptativo Micr\u00f3fono incorporado con sonido claro Interfaz tipo A, compatible con el protocolo USB 2.0. Plug-and-play, no es necesario instalar software de controlador<\/p>\n","protected":false},"featured_media":3716,"comment_status":"closed","ping_status":"closed","template":"","meta":{"_acf_changed":false},"product_cat":[134],"product_tag":[],"acf":[],"aioseo_notices":[],"jetpack_sharing_enabled":true,"_links":{"self":[{"href":"https:\/\/www.estudiotecno.com.ar\/tienda\/wp-json\/wp\/v2\/product\/3219"}],"collection":[{"href":"https:\/\/www.estudiotecno.com.ar\/tienda\/wp-json\/wp\/v2\/product"}],"about":[{"href":"https:\/\/www.estudiotecno.com.ar\/tienda\/wp-json\/wp\/v2\/types\/product"}],"replies":[{"embeddable":true,"href":"https:\/\/www.estudiotecno.com.ar\/tienda\/wp-json\/wp\/v2\/comments?post=3219"}],"wp:featuredmedia":[{"embeddable":true,"href":"https:\/\/www.estudiotecno.com.ar\/tienda\/wp-json\/wp\/v2\/media\/3716"}],"wp:attachment":[{"href":"https:\/\/www.estudiotecno.com.ar\/tienda\/wp-json\/wp\/v2\/media?parent=3219"}],"wp:term":[{"taxonomy":"product_cat","embeddable":true,"href":"https:\/\/www.estudiotecno.com.ar\/tienda\/wp-json\/wp\/v2\/product_cat?post=3219"},{"taxonomy":"product_tag","embeddable":true,"href":"https:\/\/www.estudiotecno.com.ar\/tienda\/wp-json\/wp\/v2\/product_tag?post=3219"}],"curies":[{"name":"wp","href":"https:\/\/api.w.org\/{rel}","templated":true}]}}