{"id":3215,"date":"2022-02-22T10:21:06","date_gmt":"2022-02-22T13:21:06","guid":{"rendered":"https:\/\/www.estudiotecno.com.ar\/tienda\/?post_type=product&#038;p=3215"},"modified":"2022-07-27T12:17:19","modified_gmt":"2022-07-27T15:17:19","slug":"camara-de-interior-ds-2cc1181p-a","status":"publish","type":"product","link":"https:\/\/www.estudiotecno.com.ar\/tienda\/producto\/camara-de-interior-ds-2cc1181p-a\/","title":{"rendered":"DS-2CC1181P-A &#8211; C\u00e1mara de interior Hikvision"},"content":{"rendered":"<ul>\n<li>Control Autom\u00e1tico de Ganancia (AGC)<\/li>\n<li>Formato de Intercambio Com\u00fan (CIF)<\/li>\n<li>Est\u00e1ndares NTSC y PAL<\/li>\n<li>Amplio rango din\u00e1mico (WDR\/DWDR)<\/li>\n<li>Reducci\u00f3n de Ruido Digital (DNR)<\/li>\n<li>Supresi\u00f3n Multidimensional Digital de Ruido (3D-DNR)<\/li>\n<li>H.261<\/li>\n<li>Autoiris<\/li>\n<li>Compensaci\u00f3n de luz de fondo (BLC)<\/li>\n<li>Balance Autom\u00e1tico de Blancos (AWB)<\/li>\n<li>Pan, Zoom y Tilt (PTZ )<\/li>\n<li>Energ\u00eda sobre Ethernet (PoE)<\/li>\n<\/ul>\n","protected":false},"excerpt":{"rendered":"<p>Control Autom\u00e1tico de Ganancia (AGC) Formato de Intercambio Com\u00fan (CIF) Est\u00e1ndares NTSC y PAL Amplio rango din\u00e1mico (WDR\/DWDR) Reducci\u00f3n de Ruido Digital (DNR) Supresi\u00f3n Multidimensional Digital de Ruido (3D-DNR) H.261 Autoiris Compensaci\u00f3n de luz de fondo (BLC) Balance Autom\u00e1tico de Blancos (AWB) Pan, Zoom y Tilt (PTZ ) Energ\u00eda sobre Ethernet (PoE)<\/p>\n","protected":false},"featured_media":3718,"comment_status":"closed","ping_status":"closed","template":"","meta":{"_acf_changed":false},"product_cat":[299],"product_tag":[],"acf":[],"aioseo_notices":[],"jetpack_sharing_enabled":true,"_links":{"self":[{"href":"https:\/\/www.estudiotecno.com.ar\/tienda\/wp-json\/wp\/v2\/product\/3215"}],"collection":[{"href":"https:\/\/www.estudiotecno.com.ar\/tienda\/wp-json\/wp\/v2\/product"}],"about":[{"href":"https:\/\/www.estudiotecno.com.ar\/tienda\/wp-json\/wp\/v2\/types\/product"}],"replies":[{"embeddable":true,"href":"https:\/\/www.estudiotecno.com.ar\/tienda\/wp-json\/wp\/v2\/comments?post=3215"}],"wp:featuredmedia":[{"embeddable":true,"href":"https:\/\/www.estudiotecno.com.ar\/tienda\/wp-json\/wp\/v2\/media\/3718"}],"wp:attachment":[{"href":"https:\/\/www.estudiotecno.com.ar\/tienda\/wp-json\/wp\/v2\/media?parent=3215"}],"wp:term":[{"taxonomy":"product_cat","embeddable":true,"href":"https:\/\/www.estudiotecno.com.ar\/tienda\/wp-json\/wp\/v2\/product_cat?post=3215"},{"taxonomy":"product_tag","embeddable":true,"href":"https:\/\/www.estudiotecno.com.ar\/tienda\/wp-json\/wp\/v2\/product_tag?post=3215"}],"curies":[{"name":"wp","href":"https:\/\/api.w.org\/{rel}","templated":true}]}}