{"id":3213,"date":"2022-02-22T10:08:32","date_gmt":"2022-02-22T13:08:32","guid":{"rendered":"https:\/\/www.estudiotecno.com.ar\/tienda\/?post_type=product&#038;p=3213"},"modified":"2024-02-29T11:23:57","modified_gmt":"2024-02-29T14:23:57","slug":"panel-de-alarma-hikvision-ds-pha64-b","status":"publish","type":"product","link":"https:\/\/www.estudiotecno.com.ar\/tienda\/producto\/panel-de-alarma-hikvision-ds-pha64-b\/","title":{"rendered":"DS-PHA64-B &#8211; Panel de alarma Hikvision"},"content":{"rendered":"<p>Panel de alarma, sistema h\u00edbrido de 8 zonas integradas y 56 zonas cableadas \/ inal\u00e1mbricas ampliables.<\/p>\n<p>4 salidas integradas y 60 salidas cableadas \/ inal\u00e1mbricas ampliables.<\/p>\n<p>Comunicaci\u00f3n bidireccional de eventos de alarma y otras se\u00f1ales a trav\u00e9s de LAN, PSTN, GPRS y 3G \/ 4G utilizando un canal principal y de respaldo con prioridad configurable.<\/p>\n<p>Admite 8 llaveros, 9 teclados, 1 sirena con cable y 2 sirenas inal\u00e1mbricas.<\/p>\n","protected":false},"excerpt":{"rendered":"<p>Panel de alarma, sistema h\u00edbrido de 8 zonas integradas y 56 zonas cableadas \/ inal\u00e1mbricas ampliables. 4 salidas integradas y 60 salidas cableadas \/ inal\u00e1mbricas ampliables. Comunicaci\u00f3n bidireccional de eventos de alarma y otras se\u00f1ales a trav\u00e9s de LAN, PSTN, GPRS y 3G \/ 4G utilizando un canal principal y de respaldo con prioridad configurable. [&hellip;]<\/p>\n","protected":false},"featured_media":3719,"comment_status":"closed","ping_status":"closed","template":"","meta":{"_acf_changed":false},"product_cat":[299],"product_tag":[],"acf":[],"aioseo_notices":[],"jetpack_sharing_enabled":true,"_links":{"self":[{"href":"https:\/\/www.estudiotecno.com.ar\/tienda\/wp-json\/wp\/v2\/product\/3213"}],"collection":[{"href":"https:\/\/www.estudiotecno.com.ar\/tienda\/wp-json\/wp\/v2\/product"}],"about":[{"href":"https:\/\/www.estudiotecno.com.ar\/tienda\/wp-json\/wp\/v2\/types\/product"}],"replies":[{"embeddable":true,"href":"https:\/\/www.estudiotecno.com.ar\/tienda\/wp-json\/wp\/v2\/comments?post=3213"}],"wp:featuredmedia":[{"embeddable":true,"href":"https:\/\/www.estudiotecno.com.ar\/tienda\/wp-json\/wp\/v2\/media\/3719"}],"wp:attachment":[{"href":"https:\/\/www.estudiotecno.com.ar\/tienda\/wp-json\/wp\/v2\/media?parent=3213"}],"wp:term":[{"taxonomy":"product_cat","embeddable":true,"href":"https:\/\/www.estudiotecno.com.ar\/tienda\/wp-json\/wp\/v2\/product_cat?post=3213"},{"taxonomy":"product_tag","embeddable":true,"href":"https:\/\/www.estudiotecno.com.ar\/tienda\/wp-json\/wp\/v2\/product_tag?post=3213"}],"curies":[{"name":"wp","href":"https:\/\/api.w.org\/{rel}","templated":true}]}}