{"id":3209,"date":"2022-02-22T09:44:35","date_gmt":"2022-02-22T12:44:35","guid":{"rendered":"https:\/\/www.estudiotecno.com.ar\/tienda\/?post_type=product&#038;p=3209"},"modified":"2022-07-27T12:18:09","modified_gmt":"2022-07-27T15:18:09","slug":"teclado-inalambrico-hikvision-ds-pka-wlm-433","status":"publish","type":"product","link":"https:\/\/www.estudiotecno.com.ar\/tienda\/producto\/teclado-inalambrico-hikvision-ds-pka-wlm-433\/","title":{"rendered":"DS-PKA-WLM-433 &#8211; Teclado inal\u00e1mbrico Hikvision"},"content":{"rendered":"<ul class=\"tech-specs-items-description\" data-target=\"Electrical characteristics\">\n<li>RF 433MHz<\/li>\n<li>Ofrece protecci\u00f3n confiable utilizando tecnolog\u00eda inal\u00e1mbrica de dos v\u00edas<\/li>\n<li>Operaciones: Armado, desarmado, limpieza de alarmas, etc.<\/li>\n<li>Admite armado o desarmado con tarjeta<\/li>\n<li>Tarjeta de patrulla para registrarse (diferente de la tarjeta de armado \/ desarmado)<\/li>\n<li>Dise\u00f1o de pantalla t\u00e1ctil completa con retroiluminaci\u00f3n LED<\/li>\n<li>Se comunica hasta 800 m (en espacios abiertos)<\/li>\n<\/ul>\n<ul class=\"tech-specs-items-description\" data-target=\"Electrical characteristics\">\n<li class=\"tech-specs-items-description-list\"><span class=\"tech-specs-items-description__title--heading\">Caracter\u00edsticas Electricas<\/span><\/li>\n<li class=\"tech-specs-items-description-list\"><span class=\"tech-specs-items-description__title\">Fuente<\/span><span class=\"tech-specs-items-description__title-details\">de alimentaci\u00f3n Entrada de<\/span><span class=\"tech-specs-items-description__title\">Alimentaci\u00f3n De<\/span><span class=\"tech-specs-items-description__title-details\">3 V CC<\/span><\/li>\n<li class=\"tech-specs-items-description-list\"><span class=\"tech-specs-items-description__title\">Tipo De Bater\u00eda<\/span><span class=\"tech-specs-items-description__title-details\">4 bater\u00edas AA<\/span><\/li>\n<li class=\"tech-specs-items-description-list\"><span class=\"tech-specs-items-description__title\">Duraci\u00f3n De La Bater\u00eda<\/span><span class=\"tech-specs-items-description__title-details\">3 a\u00f1os<\/span><\/li>\n<\/ul>\n<ul class=\"tech-specs-items-description\" data-target=\"Features\">\n<li class=\"tech-specs-items-description-list\"><span class=\"tech-specs-items-description__title--heading\">Caracteristicas<\/span><\/li>\n<li class=\"tech-specs-items-description-list\"><span class=\"tech-specs-items-description__title\">A Prueba De Manipulaciones<\/span><span class=\"tech-specs-items-description__title-details\">delantera y trasera<\/span><\/li>\n<li class=\"tech-specs-items-description-list\"><span class=\"tech-specs-items-description__title\">Protocolo Protocolo<\/span><span class=\"tech-specs-items-description__title-details\">HIK inal\u00e1mbrico: acceso al panel de control inal\u00e1mbrico, comunicaci\u00f3n bidireccional<\/span><\/li>\n<li class=\"tech-specs-items-description-list\"><span class=\"tech-specs-items-description__title\">Tarjeta IC<\/span><span class=\"tech-specs-items-description__title-details\">Admite deslizar la tarjeta IC est\u00e1ndar<\/span><\/li>\n<\/ul>\n<ul class=\"tech-specs-items-description\" data-target=\"Interface\">\n<li class=\"tech-specs-items-description-list\"><span class=\"tech-specs-items-description__title--heading\">Interfaz<\/span><\/li>\n<li class=\"tech-specs-items-description-list\"><span class=\"tech-specs-items-description__title\">Puerto Serie<\/span><span class=\"tech-specs-items-description__title-details\">1, reservado<\/span><\/li>\n<li class=\"tech-specs-items-description-list\"><span class=\"tech-specs-items-description__title-details\">Teclas<\/span><span class=\"tech-specs-items-description__title\">Num\u00e9ricas<\/span><span class=\"tech-specs-items-description__title-details\">10 teclas: 0 a 9<\/span><\/li>\n<li class=\"tech-specs-items-description-list\"><span class=\"tech-specs-items-description__title\">Tecla<\/span><span class=\"tech-specs-items-description__title-details\">de funci\u00f3n 6 teclas de funci\u00f3n: alarma de incendio, armado a distancia, armado en espera, desarmado, borrar y confirmar<\/span><\/li>\n<li class=\"tech-specs-items-description-list\"><span class=\"tech-specs-items-description__title\">Indicador<\/span><span class=\"tech-specs-items-description__title-details\">3<\/span><span class=\"tech-specs-items-description__title\">Indicadores<\/span><span class=\"tech-specs-items-description__title-details\">de estado: encendido (verde), falla (naranja) y alarma (rojo) 4 indicadores de partici\u00f3n: armado \/ desarmado (azul)<\/span><\/li>\n<\/ul>\n<ul class=\"tech-specs-items-description\" data-target=\"RF Transmission\">\n<li class=\"tech-specs-items-description-list\"><span class=\"tech-specs-items-description__title--heading\">Transmisi\u00f3n RF<\/span><\/li>\n<li class=\"tech-specs-items-description-list\"><span class=\"tech-specs-items-description__title\">Frecuencia RF<\/span><span class=\"tech-specs-items-description__title-details\">433MHz<\/span><\/li>\n<li class=\"tech-specs-items-description-list\"><span class=\"tech-specs-items-description__title\">Modulaci\u00f3n RF<\/span><span class=\"tech-specs-items-description__title-details\">2GFSK<\/span><\/li>\n<li class=\"tech-specs-items-description-list\"><span class=\"tech-specs-items-description__title\">Potencia De RF<\/span><span class=\"tech-specs-items-description__title-details\">10 dBm<\/span><\/li>\n<li class=\"tech-specs-items-description-list\"><span class=\"tech-specs-items-description__title\">Velocidad De RF<\/span><span class=\"tech-specs-items-description__title-details\">10 kbps<\/span><\/li>\n<li class=\"tech-specs-items-description-list\"><span class=\"tech-specs-items-description__title\">Alcance RF<\/span><span class=\"tech-specs-items-description__title-details\">800 m (\u00e1rea abierta)<\/span><\/li>\n<\/ul>\n<ul class=\"tech-specs-items-description\" data-target=\"General\">\n<li class=\"tech-specs-items-description-list\"><span class=\"tech-specs-items-description__title--heading\">General<\/span><\/li>\n<li class=\"tech-specs-items-description-list\"><span class=\"tech-specs-items-description__title\">Temperatura De Funcionamiento<\/span><span class=\"tech-specs-items-description__title-details\">-10 \u00b0 C a +55 \u00b0 C (-4 \u00b0 F a +122 \u00b0 F)<\/span><\/li>\n<li class=\"tech-specs-items-description-list\"><span class=\"tech-specs-items-description__title\">Humedad De Operaci\u00f3n<\/span><span class=\"tech-specs-items-description__title-details\">10% a 90% (sin condensaci\u00f3n)<\/span><\/li>\n<li class=\"tech-specs-items-description-list\"><span class=\"tech-specs-items-description__title\">Dimensi\u00f3n (<\/span><span class=\"tech-specs-items-description__title-details\">WxHxD<\/span><span class=\"tech-specs-items-description__title\">)<\/span><span class=\"tech-specs-items-description__title-details\">\u03c6131.5 mm (5.2 \u00ab); altura: 23 mm (0.9\u00bb)<\/span><\/li>\n<li class=\"tech-specs-items-description-list\"><span class=\"tech-specs-items-description__title\">Color<\/span><span class=\"tech-specs-items-description__title-details\">blanco o negro<\/span><\/li>\n<\/ul>\n","protected":false},"excerpt":{"rendered":"<p>RF 433MHz Ofrece protecci\u00f3n confiable utilizando tecnolog\u00eda inal\u00e1mbrica de dos v\u00edas Operaciones: Armado, desarmado, limpieza de alarmas, etc. Admite armado o desarmado con tarjeta Tarjeta de patrulla para registrarse (diferente de la tarjeta de armado \/ desarmado) Dise\u00f1o de pantalla t\u00e1ctil completa con retroiluminaci\u00f3n LED Se comunica hasta 800 m (en espacios abiertos) Caracter\u00edsticas Electricas [&hellip;]<\/p>\n","protected":false},"featured_media":3721,"comment_status":"closed","ping_status":"closed","template":"","meta":{"_acf_changed":false},"product_cat":[299,134,94],"product_tag":[],"acf":[],"aioseo_notices":[],"jetpack_sharing_enabled":true,"_links":{"self":[{"href":"https:\/\/www.estudiotecno.com.ar\/tienda\/wp-json\/wp\/v2\/product\/3209"}],"collection":[{"href":"https:\/\/www.estudiotecno.com.ar\/tienda\/wp-json\/wp\/v2\/product"}],"about":[{"href":"https:\/\/www.estudiotecno.com.ar\/tienda\/wp-json\/wp\/v2\/types\/product"}],"replies":[{"embeddable":true,"href":"https:\/\/www.estudiotecno.com.ar\/tienda\/wp-json\/wp\/v2\/comments?post=3209"}],"wp:featuredmedia":[{"embeddable":true,"href":"https:\/\/www.estudiotecno.com.ar\/tienda\/wp-json\/wp\/v2\/media\/3721"}],"wp:attachment":[{"href":"https:\/\/www.estudiotecno.com.ar\/tienda\/wp-json\/wp\/v2\/media?parent=3209"}],"wp:term":[{"taxonomy":"product_cat","embeddable":true,"href":"https:\/\/www.estudiotecno.com.ar\/tienda\/wp-json\/wp\/v2\/product_cat?post=3209"},{"taxonomy":"product_tag","embeddable":true,"href":"https:\/\/www.estudiotecno.com.ar\/tienda\/wp-json\/wp\/v2\/product_tag?post=3209"}],"curies":[{"name":"wp","href":"https:\/\/api.w.org\/{rel}","templated":true}]}}