{"id":3101,"date":"2021-11-10T19:12:46","date_gmt":"2021-11-10T22:12:46","guid":{"rendered":"https:\/\/www.estudiotecno.com.ar\/tienda\/?post_type=product&#038;p=3101"},"modified":"2024-02-24T09:37:44","modified_gmt":"2024-02-24T12:37:44","slug":"sirena-hikvision-interior-inalambrica-ds-psg-wi-433","status":"publish","type":"product","link":"https:\/\/www.estudiotecno.com.ar\/tienda\/producto\/sirena-hikvision-interior-inalambrica-ds-psg-wi-433\/","title":{"rendered":"DS-PSG-WI-433 | Sirena Hikvision interior inal\u00e1mbrica"},"content":{"rendered":"<p>Descripci\u00f3n<br \/>\nSIRENA INTERIOR HIKVISION INALAMBRICA, VOLUME AJUSTABLE, TAMPER, IP54. SONIDOS DIFERENTES PARA INCENDIO, P\u00c1NICO O INTRUSI\u00d3N. LLEVA 3 PILAS CR123A NO INCLUIDAS. DECIBEL: 110 DB.<\/p>\n<p>Caracter\u00edsticas<br \/>\nCaracter\u00edsticas principales:<\/p>\n<p>-Tecnolog\u00eda inal\u00e1mbrica bidireccional.<br \/>\n-90 a 110 db.<br \/>\n-Los datos inal\u00e1mbricos est\u00e1n protegidos por el cifrado AES-128.<\/p>\n<p>Caracter\u00edsticas F\u00edsicas y El\u00e9ctricas.<br \/>\n-Fuente de alimentaci\u00f3n: 3 bater\u00edas CR123A (no incluidas).<br \/>\n-Temperatura soportada: -10 a 60\u00b0C.<br \/>\n-Protecci\u00f3n: IP54<br \/>\n-Dimensiones: 88 \u00d7 88 \u00d7 32 mm<\/p>\n<p>Soporte<br \/>\n2 A\u00d1OS DE GARANT\u00cdA en todos los productos Hikvision, ofrecida por el fabricante, contra defectos de fabricaci\u00f3n y\/o vicios del material que afecten al normal funcionamiento del mismo.<\/p>\n","protected":false},"excerpt":{"rendered":"<p>Descripci\u00f3n SIRENA INTERIOR HIKVISION INALAMBRICA, VOLUME AJUSTABLE, TAMPER, IP54. SONIDOS DIFERENTES PARA INCENDIO, P\u00c1NICO O INTRUSI\u00d3N. LLEVA 3 PILAS CR123A NO INCLUIDAS. DECIBEL: 110 DB. Caracter\u00edsticas Caracter\u00edsticas principales: -Tecnolog\u00eda inal\u00e1mbrica bidireccional. -90 a 110 db. -Los datos inal\u00e1mbricos est\u00e1n protegidos por el cifrado AES-128. Caracter\u00edsticas F\u00edsicas y El\u00e9ctricas. -Fuente de alimentaci\u00f3n: 3 bater\u00edas CR123A (no [&hellip;]<\/p>\n","protected":false},"featured_media":5288,"comment_status":"closed","ping_status":"closed","template":"","meta":{"_acf_changed":false},"product_cat":[313,134,349,94],"product_tag":[],"acf":[],"aioseo_notices":[],"jetpack_sharing_enabled":true,"_links":{"self":[{"href":"https:\/\/www.estudiotecno.com.ar\/tienda\/wp-json\/wp\/v2\/product\/3101"}],"collection":[{"href":"https:\/\/www.estudiotecno.com.ar\/tienda\/wp-json\/wp\/v2\/product"}],"about":[{"href":"https:\/\/www.estudiotecno.com.ar\/tienda\/wp-json\/wp\/v2\/types\/product"}],"replies":[{"embeddable":true,"href":"https:\/\/www.estudiotecno.com.ar\/tienda\/wp-json\/wp\/v2\/comments?post=3101"}],"wp:featuredmedia":[{"embeddable":true,"href":"https:\/\/www.estudiotecno.com.ar\/tienda\/wp-json\/wp\/v2\/media\/5288"}],"wp:attachment":[{"href":"https:\/\/www.estudiotecno.com.ar\/tienda\/wp-json\/wp\/v2\/media?parent=3101"}],"wp:term":[{"taxonomy":"product_cat","embeddable":true,"href":"https:\/\/www.estudiotecno.com.ar\/tienda\/wp-json\/wp\/v2\/product_cat?post=3101"},{"taxonomy":"product_tag","embeddable":true,"href":"https:\/\/www.estudiotecno.com.ar\/tienda\/wp-json\/wp\/v2\/product_tag?post=3101"}],"curies":[{"name":"wp","href":"https:\/\/api.w.org\/{rel}","templated":true}]}}