{"id":3100,"date":"2021-11-10T19:12:45","date_gmt":"2021-11-10T22:12:45","guid":{"rendered":"https:\/\/www.estudiotecno.com.ar\/tienda\/?post_type=product&#038;p=3100"},"modified":"2025-09-03T12:58:03","modified_gmt":"2025-09-03T15:58:03","slug":"sirena-hikvision-interior-cableada-ds-ps1-b","status":"publish","type":"product","link":"https:\/\/www.estudiotecno.com.ar\/tienda\/producto\/sirena-hikvision-interior-cableada-ds-ps1-b\/","title":{"rendered":"DS-PS1-B | Sirena Hikvision Interior cableada"},"content":{"rendered":"<p>Descripci\u00f3n<br \/>\nSIRENA INTERIOR HIKVISION CABLEADA VOLUMEN AJUSTABLE, TAMPER, IP54<\/p>\n<p>Caracter\u00edsticas<br \/>\nCaracter\u00edsticas principales<\/p>\n<p>-Comunicaci\u00f3n inal\u00e1mbrica con el panel de alarma<br \/>\n-Los datos inal\u00e1mbricos est\u00e1n protegidos por el cifrado AES-128<\/p>\n<p>Caracter\u00edsticas F\u00edsicas y El\u00e9ctricas:<br \/>\n-Alimentaci\u00f3n: CR123<br \/>\n-Temperatura de operaci\u00f3n: -10 \u00b0C to 55 \u00b0C<br \/>\n-Uso interior<br \/>\n-Dimensiones: 84 mm \u00d7 25 mm \u00d7 21 mm<br \/>\n-Peso: 38.5 g<\/p>\n<p>Soporte<br \/>\n2 A\u00d1OS DE GARANT\u00cdA en todos los productos Hikvision, ofrecida por el fabricante, contra defectos de fabricaci\u00f3n y\/o vicios del material que afecten al normal funcionamiento del mismo.<\/p>\n","protected":false},"excerpt":{"rendered":"<p>Descripci\u00f3n SIRENA INTERIOR HIKVISION CABLEADA VOLUMEN AJUSTABLE, TAMPER, IP54 Caracter\u00edsticas Caracter\u00edsticas principales -Comunicaci\u00f3n inal\u00e1mbrica con el panel de alarma -Los datos inal\u00e1mbricos est\u00e1n protegidos por el cifrado AES-128 Caracter\u00edsticas F\u00edsicas y El\u00e9ctricas: -Alimentaci\u00f3n: CR123 -Temperatura de operaci\u00f3n: -10 \u00b0C to 55 \u00b0C -Uso interior -Dimensiones: 84 mm \u00d7 25 mm \u00d7 21 mm -Peso: 38.5 [&hellip;]<\/p>\n","protected":false},"featured_media":5287,"comment_status":"closed","ping_status":"closed","template":"","meta":{"_acf_changed":false},"product_cat":[313,134,349,94],"product_tag":[],"acf":[],"aioseo_notices":[],"jetpack_sharing_enabled":true,"_links":{"self":[{"href":"https:\/\/www.estudiotecno.com.ar\/tienda\/wp-json\/wp\/v2\/product\/3100"}],"collection":[{"href":"https:\/\/www.estudiotecno.com.ar\/tienda\/wp-json\/wp\/v2\/product"}],"about":[{"href":"https:\/\/www.estudiotecno.com.ar\/tienda\/wp-json\/wp\/v2\/types\/product"}],"replies":[{"embeddable":true,"href":"https:\/\/www.estudiotecno.com.ar\/tienda\/wp-json\/wp\/v2\/comments?post=3100"}],"wp:featuredmedia":[{"embeddable":true,"href":"https:\/\/www.estudiotecno.com.ar\/tienda\/wp-json\/wp\/v2\/media\/5287"}],"wp:attachment":[{"href":"https:\/\/www.estudiotecno.com.ar\/tienda\/wp-json\/wp\/v2\/media?parent=3100"}],"wp:term":[{"taxonomy":"product_cat","embeddable":true,"href":"https:\/\/www.estudiotecno.com.ar\/tienda\/wp-json\/wp\/v2\/product_cat?post=3100"},{"taxonomy":"product_tag","embeddable":true,"href":"https:\/\/www.estudiotecno.com.ar\/tienda\/wp-json\/wp\/v2\/product_tag?post=3100"}],"curies":[{"name":"wp","href":"https:\/\/api.w.org\/{rel}","templated":true}]}}