{"id":3098,"date":"2021-11-10T19:12:34","date_gmt":"2021-11-10T22:12:34","guid":{"rendered":"https:\/\/www.estudiotecno.com.ar\/tienda\/?post_type=product&#038;p=3098"},"modified":"2024-02-24T09:36:48","modified_gmt":"2024-02-24T12:36:48","slug":"detector-de-humo-hikvision-cableado-ds-pdsmk-4","status":"publish","type":"product","link":"https:\/\/www.estudiotecno.com.ar\/tienda\/producto\/detector-de-humo-hikvision-cableado-ds-pdsmk-4\/","title":{"rendered":"DS-PDSMK-4BAR | Detector de humo Hikvision Cableado"},"content":{"rendered":"<p>Descripci\u00f3n<br \/>\nDETECTOR DE HUMOP INTERIORES HIKVISION CABLEADO, DUAL LEDS PARA 360\u00b0<\/p>\n<p>Caracter\u00edsticas<br \/>\nCaracter\u00edsticas principales<\/p>\n<p>-Comunicaci\u00f3n inal\u00e1mbrica con el panel de alarma<br \/>\n-Los datos inal\u00e1mbricos est\u00e1n protegidos por el cifrado AES-128<\/p>\n<p>Caracter\u00edsticas F\u00edsicas y El\u00e9ctricas:<br \/>\n-Alimentaci\u00f3n: CR123<br \/>\n-Temperatura de operaci\u00f3n: -10 \u00b0C to 55 \u00b0C<br \/>\n-Uso interior<br \/>\n-Dimensiones: 84 mm \u00d7 25 mm \u00d7 21 mm<br \/>\n-Peso: 38.5 g<\/p>\n<p>Soporte<br \/>\n2 A\u00d1OS DE GARANT\u00cdA en todos los productos Hikvision, ofrecida por el fabricante, contra defectos de fabricaci\u00f3n y\/o vicios del material que afecten al normal funcionamiento del mismo.<\/p>\n","protected":false},"excerpt":{"rendered":"<p>Descripci\u00f3n DETECTOR DE HUMOP INTERIORES HIKVISION CABLEADO, DUAL LEDS PARA 360\u00b0 Caracter\u00edsticas Caracter\u00edsticas principales -Comunicaci\u00f3n inal\u00e1mbrica con el panel de alarma -Los datos inal\u00e1mbricos est\u00e1n protegidos por el cifrado AES-128 Caracter\u00edsticas F\u00edsicas y El\u00e9ctricas: -Alimentaci\u00f3n: CR123 -Temperatura de operaci\u00f3n: -10 \u00b0C to 55 \u00b0C -Uso interior -Dimensiones: 84 mm \u00d7 25 mm \u00d7 21 mm [&hellip;]<\/p>\n","protected":false},"featured_media":5284,"comment_status":"closed","ping_status":"closed","template":"","meta":{"_acf_changed":false},"product_cat":[313,134,348,94],"product_tag":[],"acf":[],"aioseo_notices":[],"jetpack_sharing_enabled":true,"_links":{"self":[{"href":"https:\/\/www.estudiotecno.com.ar\/tienda\/wp-json\/wp\/v2\/product\/3098"}],"collection":[{"href":"https:\/\/www.estudiotecno.com.ar\/tienda\/wp-json\/wp\/v2\/product"}],"about":[{"href":"https:\/\/www.estudiotecno.com.ar\/tienda\/wp-json\/wp\/v2\/types\/product"}],"replies":[{"embeddable":true,"href":"https:\/\/www.estudiotecno.com.ar\/tienda\/wp-json\/wp\/v2\/comments?post=3098"}],"wp:featuredmedia":[{"embeddable":true,"href":"https:\/\/www.estudiotecno.com.ar\/tienda\/wp-json\/wp\/v2\/media\/5284"}],"wp:attachment":[{"href":"https:\/\/www.estudiotecno.com.ar\/tienda\/wp-json\/wp\/v2\/media?parent=3098"}],"wp:term":[{"taxonomy":"product_cat","embeddable":true,"href":"https:\/\/www.estudiotecno.com.ar\/tienda\/wp-json\/wp\/v2\/product_cat?post=3098"},{"taxonomy":"product_tag","embeddable":true,"href":"https:\/\/www.estudiotecno.com.ar\/tienda\/wp-json\/wp\/v2\/product_tag?post=3098"}],"curies":[{"name":"wp","href":"https:\/\/api.w.org\/{rel}","templated":true}]}}